{"id":960,"date":"2017-08-13T00:17:51","date_gmt":"2017-08-12T22:17:51","guid":{"rendered":"https:\/\/patriciamoreno.net\/?page_id=960"},"modified":"2026-02-13T18:01:08","modified_gmt":"2026-02-13T16:01:08","slug":"info","status":"publish","type":"page","link":"https:\/\/patriciamoreno.net\/es\/info\/","title":{"rendered":"Sobre Patricia"},"content":{"rendered":"<p class=\"p1\"><span class=\"s1\">Patricia Moreno es una <a href=\"https:\/\/patriciamoreno.net\/\">cantante austriaca<\/a> que se siente como en casa en los \u00e1mbitos del jazz, la m\u00fasica latina y popular. Adem\u00e1s de su trabajo art\u00edstico en el escenario y en el estudio de grabaci\u00f3n, tambi\u00e9n trabaja como profesora de canto y ense\u00f1a en la <a href=\"https:\/\/www.moz.ac.at\/de\/\">Universidad Mozarteum de Salzburgo<\/a>.\u00a0<\/span><\/p>\n<p class=\"p1\"><span class=\"s1\">M\u00e1s informaci\u00f3n sobre <a href=\"https:\/\/patriciamoreno.net\/\">Patricia Moreno<\/a>:<\/span><\/p>\n<p class=\"p1\"><span class=\"s1\">&#8211; <a href=\"https:\/\/patriciamoreno.net\/es\/bio\/\">Biograf\u00eda<\/a>\u00a0<\/span><\/p>\n<p class=\"p1\"><span class=\"s1\">&#8211; <a href=\"https:\/\/patriciamoreno.net\/es\/teaching\/\">Actividad pedag\u00f3gica\u00a0<\/a><\/span><\/p>\n","protected":false},"excerpt":{"rendered":"<p>Patricia Moreno es una cantante austriaca que se siente como en casa en los \u00e1mbitos del jazz, la m\u00fasica latina y popular. Adem\u00e1s de su trabajo art\u00edstico en el escenario y en el estudio de grabaci\u00f3n, tambi\u00e9n trabaja como profesora de canto y ense\u00f1a en la Universidad Mozarteum de Salzburgo.\u00a0 M\u00e1s informaci\u00f3n sobre Patricia Moreno: [&hellip;]<\/p>\n","protected":false},"author":1,"featured_media":499,"parent":0,"menu_order":0,"comment_status":"closed","ping_status":"closed","template":"","meta":{"_coblocks_attr":"","_coblocks_dimensions":"","_coblocks_responsive_height":"","_coblocks_accordion_ie_support":"","_crdt_document":"","footnotes":""},"class_list":["post-960","page","type-page","status-publish","has-post-thumbnail","hentry"],"translation":{"provider":"WPGlobus","version":"3.0.2","language":"es","enabled_languages":["en","de","es"],"languages":{"en":{"title":true,"content":true,"excerpt":false},"de":{"title":true,"content":true,"excerpt":false},"es":{"title":true,"content":true,"excerpt":false}}},"yoast_head":"<!-- This site is optimized with the Yoast SEO plugin v27.5 - https:\/\/yoast.com\/product\/yoast-seo-wordpress\/ -->\n<title>Sobre Patricia - Patricia Moreno - Biography and teaching activities<\/title>\n<meta name=\"description\" content=\"Conoce m\u00e1s sobre la cantante austriaca-venezolana Patricia Moreno. Biograf\u00eda y actividad pedag\u00f3gica, estudios y premios.\" \/>\n<meta name=\"robots\" content=\"index, follow, max-snippet:-1, max-image-preview:large, max-video-preview:-1\" \/>\n<link rel=\"canonical\" href=\"https:\/\/patriciamoreno.net\/info\/\" \/>\n<meta property=\"og:locale\" content=\"es_ES\" \/>\n<meta property=\"og:type\" content=\"article\" \/>\n<meta property=\"og:title\" content=\"Sobre Patricia - Patricia Moreno\" \/>\n<meta property=\"og:description\" content=\"Conoce m\u00e1s sobre la cantante austriaca-venezolana Patricia Moreno. Biograf\u00eda y actividad pedag\u00f3gica, estudios y premios.\" \/>\n<meta property=\"og:url\" content=\"https:\/\/patriciamoreno.net\/info\/\" \/>\n<meta property=\"og:site_name\" content=\"Patricia Moreno\" \/>\n<meta property=\"article:publisher\" content=\"https:\/\/www.facebook.com\/patriciamorenomusic\/\" \/>\n<meta property=\"article:modified_time\" content=\"2026-02-13T16:01:08+00:00\" \/>\n<meta property=\"og:image\" content=\"https:\/\/patriciamoreno.net\/wp-content\/uploads\/2017\/08\/20232276_10213617119403895_8397007285268238651_o.jpg\" \/>\n\t<meta property=\"og:image:width\" content=\"1440\" \/>\n\t<meta property=\"og:image:height\" content=\"960\" \/>\n\t<meta property=\"og:image:type\" content=\"image\/jpeg\" \/>\n<meta name=\"twitter:card\" content=\"summary_large_image\" \/>\n<meta name=\"twitter:site\" content=\"@p_morenovocals\" \/>\n<meta name=\"twitter:label1\" content=\"Tiempo de lectura\" \/>\n\t<meta name=\"twitter:data1\" content=\"1 minute\" \/>\n<script type=\"application\/ld+json\" class=\"yoast-schema-graph\">{\"@context\":\"https:\\\/\\\/schema.org\",\"@graph\":[{\"@type\":\"WebPage\",\"@id\":\"https:\\\/\\\/patriciamoreno.net\\\/info\\\/\",\"url\":\"https:\\\/\\\/patriciamoreno.net\\\/info\\\/\",\"name\":\"Sobre Patricia - Patricia Moreno - Biography and teaching activities\",\"isPartOf\":{\"@id\":\"https:\\\/\\\/patriciamoreno.net\\\/#website\"},\"primaryImageOfPage\":{\"@id\":\"https:\\\/\\\/patriciamoreno.net\\\/info\\\/#primaryimage\"},\"image\":{\"@id\":\"https:\\\/\\\/patriciamoreno.net\\\/info\\\/#primaryimage\"},\"thumbnailUrl\":\"https:\\\/\\\/i0.wp.com\\\/patriciamoreno.net\\\/wp-content\\\/uploads\\\/2017\\\/08\\\/20232276_10213617119403895_8397007285268238651_o.jpg?fit=1440%2C960&ssl=1\",\"datePublished\":\"2017-08-12T22:17:51+00:00\",\"dateModified\":\"2026-02-13T16:01:08+00:00\",\"description\":\"Patricia Moreno is an Austrian - Venezuelan Jazz Singer. Performing artist in Jazz & Popular Music. Professionally trained voice instructor.\",\"breadcrumb\":{\"@id\":\"https:\\\/\\\/patriciamoreno.net\\\/info\\\/#breadcrumb\"},\"inLanguage\":\"es-ES\",\"potentialAction\":[{\"@type\":\"ReadAction\",\"target\":[\"https:\\\/\\\/patriciamoreno.net\\\/info\\\/\"]}]},{\"@type\":\"ImageObject\",\"inLanguage\":\"es-ES\",\"@id\":\"https:\\\/\\\/patriciamoreno.net\\\/info\\\/#primaryimage\",\"url\":\"https:\\\/\\\/i0.wp.com\\\/patriciamoreno.net\\\/wp-content\\\/uploads\\\/2017\\\/08\\\/20232276_10213617119403895_8397007285268238651_o.jpg?fit=1440%2C960&ssl=1\",\"contentUrl\":\"https:\\\/\\\/i0.wp.com\\\/patriciamoreno.net\\\/wp-content\\\/uploads\\\/2017\\\/08\\\/20232276_10213617119403895_8397007285268238651_o.jpg?fit=1440%2C960&ssl=1\",\"width\":1440,\"height\":960,\"caption\":\"Patricia Moreno - Jazz Singer. Photo \u00a9 Maria Frodl\"},{\"@type\":\"BreadcrumbList\",\"@id\":\"https:\\\/\\\/patriciamoreno.net\\\/info\\\/#breadcrumb\",\"itemListElement\":[{\"@type\":\"ListItem\",\"position\":1,\"name\":\"Home\",\"item\":\"https:\\\/\\\/patriciamoreno.net\\\/\"},{\"@type\":\"ListItem\",\"position\":2,\"name\":\"About\"}]},{\"@type\":\"WebSite\",\"@id\":\"https:\\\/\\\/patriciamoreno.net\\\/#website\",\"url\":\"https:\\\/\\\/patriciamoreno.net\\\/\",\"name\":\"Patricia Moreno\",\"description\":\"Singer &amp; Voice Teacher\",\"publisher\":{\"@id\":\"https:\\\/\\\/patriciamoreno.net\\\/#\\\/schema\\\/person\\\/39ad1f4fada58ffb9d66f5df1cf66d2b\"},\"potentialAction\":[{\"@type\":\"SearchAction\",\"target\":{\"@type\":\"EntryPoint\",\"urlTemplate\":\"https:\\\/\\\/patriciamoreno.net\\\/?s={search_term_string}\"},\"query-input\":{\"@type\":\"PropertyValueSpecification\",\"valueRequired\":true,\"valueName\":\"search_term_string\"}}],\"inLanguage\":\"es-ES\"},{\"@type\":[\"Person\",\"Organization\"],\"@id\":\"https:\\\/\\\/patriciamoreno.net\\\/#\\\/schema\\\/person\\\/39ad1f4fada58ffb9d66f5df1cf66d2b\",\"name\":\"Patricia\",\"image\":{\"@type\":\"ImageObject\",\"inLanguage\":\"es-ES\",\"@id\":\"https:\\\/\\\/secure.gravatar.com\\\/avatar\\\/5816fbe4b5628dbba773d471994b712e004f5ebda667d4068de0968a9ddd1043?s=96&d=identicon&r=g\",\"url\":\"https:\\\/\\\/secure.gravatar.com\\\/avatar\\\/5816fbe4b5628dbba773d471994b712e004f5ebda667d4068de0968a9ddd1043?s=96&d=identicon&r=g\",\"contentUrl\":\"https:\\\/\\\/secure.gravatar.com\\\/avatar\\\/5816fbe4b5628dbba773d471994b712e004f5ebda667d4068de0968a9ddd1043?s=96&d=identicon&r=g\",\"caption\":\"Patricia\"},\"logo\":{\"@id\":\"https:\\\/\\\/secure.gravatar.com\\\/avatar\\\/5816fbe4b5628dbba773d471994b712e004f5ebda667d4068de0968a9ddd1043?s=96&d=identicon&r=g\"},\"sameAs\":[\"http:\\\/\\\/patriciamoreno.net\",\"https:\\\/\\\/www.facebook.com\\\/patriciamorenomusic\\\/\",\"https:\\\/\\\/www.instagram.com\\\/patriciamorenomusic\\\/\",\"https:\\\/\\\/www.youtube.com\\\/channel\\\/UCD2Oxsi9QqyNvbTiX-DDLcA\"]}]}<\/script>\n<!-- \/ Yoast SEO plugin. -->","yoast_head_json":{"title":"Sobre Patricia - Patricia Moreno - Biography and teaching activities","description":"Conoce m\u00e1s sobre la cantante austriaca-venezolana Patricia Moreno. Biograf\u00eda y actividad pedag\u00f3gica, estudios y premios.","robots":{"index":"index","follow":"follow","max-snippet":"max-snippet:-1","max-image-preview":"max-image-preview:large","max-video-preview":"max-video-preview:-1"},"canonical":"https:\/\/patriciamoreno.net\/info\/","og_locale":"es_ES","og_type":"article","og_title":"Sobre Patricia - Patricia Moreno","og_description":"Conoce m\u00e1s sobre la cantante austriaca-venezolana Patricia Moreno. Biograf\u00eda y actividad pedag\u00f3gica, estudios y premios.","og_url":"https:\/\/patriciamoreno.net\/info\/","og_site_name":"Patricia Moreno","article_publisher":"https:\/\/www.facebook.com\/patriciamorenomusic\/","article_modified_time":"2026-02-13T16:01:08+00:00","og_image":[{"width":1440,"height":960,"url":"https:\/\/patriciamoreno.net\/wp-content\/uploads\/2017\/08\/20232276_10213617119403895_8397007285268238651_o.jpg","type":"image\/jpeg"}],"twitter_card":"summary_large_image","twitter_site":"@p_morenovocals","twitter_misc":{"Tiempo de lectura":"1 minute"},"schema":{"@context":"https:\/\/schema.org","@graph":[{"@type":"WebPage","@id":"https:\/\/patriciamoreno.net\/info\/","url":"https:\/\/patriciamoreno.net\/info\/","name":"Sobre Patricia - Patricia Moreno - Biography and teaching activities","isPartOf":{"@id":"https:\/\/patriciamoreno.net\/#website"},"primaryImageOfPage":{"@id":"https:\/\/patriciamoreno.net\/info\/#primaryimage"},"image":{"@id":"https:\/\/patriciamoreno.net\/info\/#primaryimage"},"thumbnailUrl":"https:\/\/i0.wp.com\/patriciamoreno.net\/wp-content\/uploads\/2017\/08\/20232276_10213617119403895_8397007285268238651_o.jpg?fit=1440%2C960&ssl=1","datePublished":"2017-08-12T22:17:51+00:00","dateModified":"2026-02-13T16:01:08+00:00","description":"Patricia Moreno is an Austrian - Venezuelan Jazz Singer. Performing artist in Jazz & Popular Music. Professionally trained voice instructor.","breadcrumb":{"@id":"https:\/\/patriciamoreno.net\/info\/#breadcrumb"},"inLanguage":"es-ES","potentialAction":[{"@type":"ReadAction","target":["https:\/\/patriciamoreno.net\/info\/"]}]},{"@type":"ImageObject","inLanguage":"es-ES","@id":"https:\/\/patriciamoreno.net\/info\/#primaryimage","url":"https:\/\/i0.wp.com\/patriciamoreno.net\/wp-content\/uploads\/2017\/08\/20232276_10213617119403895_8397007285268238651_o.jpg?fit=1440%2C960&ssl=1","contentUrl":"https:\/\/i0.wp.com\/patriciamoreno.net\/wp-content\/uploads\/2017\/08\/20232276_10213617119403895_8397007285268238651_o.jpg?fit=1440%2C960&ssl=1","width":1440,"height":960,"caption":"Patricia Moreno - Jazz Singer. Photo \u00a9 Maria Frodl"},{"@type":"BreadcrumbList","@id":"https:\/\/patriciamoreno.net\/info\/#breadcrumb","itemListElement":[{"@type":"ListItem","position":1,"name":"Home","item":"https:\/\/patriciamoreno.net\/"},{"@type":"ListItem","position":2,"name":"About"}]},{"@type":"WebSite","@id":"https:\/\/patriciamoreno.net\/#website","url":"https:\/\/patriciamoreno.net\/","name":"Patricia Moreno","description":"Singer &amp; Voice Teacher","publisher":{"@id":"https:\/\/patriciamoreno.net\/#\/schema\/person\/39ad1f4fada58ffb9d66f5df1cf66d2b"},"potentialAction":[{"@type":"SearchAction","target":{"@type":"EntryPoint","urlTemplate":"https:\/\/patriciamoreno.net\/?s={search_term_string}"},"query-input":{"@type":"PropertyValueSpecification","valueRequired":true,"valueName":"search_term_string"}}],"inLanguage":"es-ES"},{"@type":["Person","Organization"],"@id":"https:\/\/patriciamoreno.net\/#\/schema\/person\/39ad1f4fada58ffb9d66f5df1cf66d2b","name":"Patricia","image":{"@type":"ImageObject","inLanguage":"es-ES","@id":"https:\/\/secure.gravatar.com\/avatar\/5816fbe4b5628dbba773d471994b712e004f5ebda667d4068de0968a9ddd1043?s=96&d=identicon&r=g","url":"https:\/\/secure.gravatar.com\/avatar\/5816fbe4b5628dbba773d471994b712e004f5ebda667d4068de0968a9ddd1043?s=96&d=identicon&r=g","contentUrl":"https:\/\/secure.gravatar.com\/avatar\/5816fbe4b5628dbba773d471994b712e004f5ebda667d4068de0968a9ddd1043?s=96&d=identicon&r=g","caption":"Patricia"},"logo":{"@id":"https:\/\/secure.gravatar.com\/avatar\/5816fbe4b5628dbba773d471994b712e004f5ebda667d4068de0968a9ddd1043?s=96&d=identicon&r=g"},"sameAs":["http:\/\/patriciamoreno.net","https:\/\/www.facebook.com\/patriciamorenomusic\/","https:\/\/www.instagram.com\/patriciamorenomusic\/","https:\/\/www.youtube.com\/channel\/UCD2Oxsi9QqyNvbTiX-DDLcA"]}]}},"jetpack_sharing_enabled":false,"jetpack_shortlink":"https:\/\/wp.me\/P92pXE-fu","jetpack_likes_enabled":false,"_links":{"self":[{"href":"https:\/\/patriciamoreno.net\/es\/wp-json\/wp\/v2\/pages\/960","targetHints":{"allow":["GET"]}}],"collection":[{"href":"https:\/\/patriciamoreno.net\/es\/wp-json\/wp\/v2\/pages"}],"about":[{"href":"https:\/\/patriciamoreno.net\/es\/wp-json\/wp\/v2\/types\/page"}],"author":[{"embeddable":true,"href":"https:\/\/patriciamoreno.net\/es\/wp-json\/wp\/v2\/users\/1"}],"replies":[{"embeddable":true,"href":"https:\/\/patriciamoreno.net\/es\/wp-json\/wp\/v2\/comments?post=960"}],"version-history":[{"count":35,"href":"https:\/\/patriciamoreno.net\/es\/wp-json\/wp\/v2\/pages\/960\/revisions"}],"predecessor-version":[{"id":8708,"href":"https:\/\/patriciamoreno.net\/es\/wp-json\/wp\/v2\/pages\/960\/revisions\/8708"}],"wp:featuredmedia":[{"embeddable":true,"href":"https:\/\/patriciamoreno.net\/es\/wp-json\/wp\/v2\/media\/499"}],"wp:attachment":[{"href":"https:\/\/patriciamoreno.net\/es\/wp-json\/wp\/v2\/media?parent=960"}],"curies":[{"name":"wp","href":"https:\/\/api.w.org\/{rel}","templated":true}]}}