{"id":951,"date":"2017-08-13T00:13:52","date_gmt":"2017-08-12T22:13:52","guid":{"rendered":"https:\/\/patriciamoreno.net\/?page_id=951"},"modified":"2026-02-11T04:19:21","modified_gmt":"2026-02-11T02:19:21","slug":"teaching","status":"publish","type":"page","link":"https:\/\/patriciamoreno.net\/es\/teaching\/","title":{"rendered":"Actividad pedag\u00f3gica"},"content":{"rendered":"<h6 class=\"p1\"><span class=\"s1\">Actividades pedag\u00f3gicas actuales<\/span><\/h6>\n<p class=\"p2\"><span class=\"s1\">Patricia Moreno es,<\/span><span class=\"s2\"> desde el 2016, <\/span><span class=\"s1\">Profesora Titular de Formaci\u00f3n Vocal en el Instituto Thomas Bernhard de la\u00a0<a href=\"https:\/\/www.moz.ac.at\/de\/\"><span class=\"s3\">Universidad Mozarteum de Salzburgo<\/span><\/a> donde imparte clases de Jazz y M\u00fasica Moderna.\u00a0<\/span><\/p>\n<p class=\"p2\"><span class=\"s1\">Tambi\u00e9n ha trabajado en el Instituto de M\u00fasica Moderna de la\u00a0<a href=\"https:\/\/www.mdw.ac.at\/\"><span class=\"s3\">Universidad de M\u00fasica y Artes Esc\u00e9nicas de Viena (MDW)<\/span><\/a>\u00a0y en la\u00a0<a href=\"https:\/\/www.jammusiclab.com\/de\"><span class=\"s3\">Universidad Privada Jam Music Lab<\/span><\/a>\u00a0de Jazz y M\u00fasica Moderna de Viena.<\/span><\/p>\n<p class=\"p2\"><span class=\"s1\">Su enfoque en la ense\u00f1anza se basa en utilizar la voz como un instrumento que transmite historias y emociones directamente a la audiencia.\u00a0El trabajo de la t\u00e9cnica y el \u201cknow \u2013 how\u201d estil\u00edstico es un aspecto fundamental que sirve de base para la libertad vocal a la hora de interpretar.\u00a0<\/span><\/p>\n<p class=\"p2\"><span class=\"s1\">A trav\u00e9s de su trabajo c\u00f3mo <i>coach <\/i>vocal para actores, Patricia Moreno descubri\u00f3 nuevas formas de abordar el texto y la interpretaci\u00f3n. Esto no solo influy\u00f3 en su enfoque did\u00e1ctico para la interpretaci\u00f3n de canciones, sino que tambi\u00e9n abri\u00f3 nuevas perspectivas y posibilidades para su propia interpretaci\u00f3n art\u00edstica.\u00a0<\/span><\/p>\n<p class=\"p2\"><span class=\"s1\">Adem\u00e1s Patricia Moreno trabaja con sus alumnos para lograr que expresen sus habilidades <\/span><span class=\"s2\">de improvisaci\u00f3n <\/span><span class=\"s1\">musical a trav\u00e9s de medios experimentales. Esto incluye:\u00a0<\/span><\/p>\n<p class=\"p2\"><span class=\"s1\">\u2013 cantar con un enfoque instrumental y,<\/span><\/p>\n<p class=\"p2\"><span class=\"s1\">\u2013 explorar su propia creatividad vocal.<\/span><\/p>\n<p class=\"p2\"><span class=\"s2\">Durante <\/span><span class=\"s1\">sus estudios en\u00a0el <a href=\"https:\/\/www.berklee.edu\/\"><span class=\"s3\">Berklee College of Music<\/span><\/a>, Patricia tuvo la oportunidad de aprender nuevas formas de improvisaci\u00f3n grupal mediante el m\u00e9todo de canto circular (Circle singing) con Joey Blake y\u00a0<a href=\"http:\/\/bobbymcferrin.com\/\"><span class=\"s3\">Bobby McFerrin<\/span><\/a>, el <\/span><span class=\"s2\">cual, desde entonces,<span class=\"Apple-converted-space\">\u00a0 <\/span><\/span><span class=\"s1\">ha incorporado en su trabajo pedag\u00f3gico con los ens<\/span><span class=\"s2\">a<\/span><span class=\"s1\">mbles.\u00a0<\/span><\/p>\n<p>&nbsp;<\/p>\n<h6 class=\"p1\"><span class=\"s1\">Taller<\/span><span class=\"s2\">e<\/span><span class=\"s1\">s y Clases magistrales de canto de jazz y m\u00fasica popular\u00a0<\/span><\/h6>\n<p class=\"p2\"><span class=\"s1\">Patricia Moreno imparti\u00f3<\/span><span class=\"s2\"> cursos<\/span><span class=\"s1\"> en Austria, Italia y Espa\u00f1a (Tallers Musicals d\u2019Aviny\u00f3), en los que se abordaron temas como la interpretaci\u00f3n estil\u00edstica, la improvisaci\u00f3n, la t\u00e9cnica y el canto en grupo.<\/span><\/p>\n<p class=\"p2\"><span class=\"s1\">Imparti\u00f3 clases magistrales de jazz y m\u00fasica moderna en la\u00a0<a href=\"http:\/\/www.unet.edu.ve\/\"><span class=\"s3\">Universidad Nacional del T\u00e1chira<\/span><\/a>\u00a0(Venezuela), el Conservatorio Superior de M\u00fasica Lino Gallardo Caracas (Venezuela).<\/span><\/p>\n","protected":false},"excerpt":{"rendered":"<p>Actividades pedag\u00f3gicas actuales Patricia Moreno es, desde el 2016, Profesora Titular de Formaci\u00f3n Vocal en el Instituto Thomas Bernhard de la\u00a0Universidad Mozarteum de Salzburgo donde imparte clases de Jazz y M\u00fasica Moderna.\u00a0 Tambi\u00e9n ha trabajado en el Instituto de M\u00fasica Moderna de la\u00a0Universidad de M\u00fasica y Artes Esc\u00e9nicas de Viena (MDW)\u00a0y en la\u00a0Universidad Privada Jam [&hellip;]<\/p>\n","protected":false},"author":1,"featured_media":1230,"parent":0,"menu_order":0,"comment_status":"closed","ping_status":"closed","template":"","meta":{"_coblocks_attr":"","_coblocks_dimensions":"","_coblocks_responsive_height":"","_coblocks_accordion_ie_support":"","_crdt_document":"","footnotes":""},"class_list":["post-951","page","type-page","status-publish","has-post-thumbnail","hentry"],"translation":{"provider":"WPGlobus","version":"3.0.2","language":"es","enabled_languages":["en","de","es"],"languages":{"en":{"title":true,"content":true,"excerpt":false},"de":{"title":true,"content":true,"excerpt":false},"es":{"title":true,"content":true,"excerpt":false}}},"yoast_head":"<!-- This site is optimized with the Yoast SEO plugin v27.4 - https:\/\/yoast.com\/product\/yoast-seo-wordpress\/ -->\n<title>Actividad pedag\u00f3gica - Patricia Moreno - Vocal Coach f\u00fcr Jazz &amp; Popularmusik<\/title>\n<meta name=\"description\" content=\"Patricia Moreno es una cantante nacida en Austria. Es Profesora Titular de Formaci\u00f3n Vocal de la Universidad Mozarteum Salzburgo.\" \/>\n<meta name=\"robots\" content=\"index, follow, max-snippet:-1, max-image-preview:large, max-video-preview:-1\" \/>\n<link rel=\"canonical\" href=\"https:\/\/patriciamoreno.net\/teaching\/\" \/>\n<meta property=\"og:locale\" content=\"es_ES\" \/>\n<meta property=\"og:type\" content=\"article\" \/>\n<meta property=\"og:title\" content=\"Actividad pedag\u00f3gica - Patricia Moreno\" \/>\n<meta property=\"og:description\" content=\"Patricia Moreno es una cantante nacida en Austria. Es Profesora Titular de Formaci\u00f3n Vocal de la Universidad Mozarteum Salzburgo.\" \/>\n<meta property=\"og:url\" content=\"https:\/\/patriciamoreno.net\/teaching\/\" \/>\n<meta property=\"og:site_name\" content=\"Patricia Moreno\" \/>\n<meta property=\"article:publisher\" content=\"https:\/\/www.facebook.com\/patriciamorenomusic\/\" \/>\n<meta property=\"article:modified_time\" content=\"2026-02-11T02:19:21+00:00\" \/>\n<meta property=\"og:image\" content=\"https:\/\/patriciamoreno.net\/wp-content\/uploads\/2020\/06\/MG_8013-1024x718.jpeg\" \/>\n<meta name=\"twitter:card\" content=\"summary_large_image\" \/>\n<meta name=\"twitter:site\" content=\"@p_morenovocals\" \/>\n<meta name=\"twitter:label1\" content=\"Tiempo de lectura\" \/>\n\t<meta name=\"twitter:data1\" content=\"3 minutes\" \/>\n<script type=\"application\/ld+json\" class=\"yoast-schema-graph\">{\"@context\":\"https:\\\/\\\/schema.org\",\"@graph\":[{\"@type\":\"WebPage\",\"@id\":\"https:\\\/\\\/patriciamoreno.net\\\/teaching\\\/\",\"url\":\"https:\\\/\\\/patriciamoreno.net\\\/teaching\\\/\",\"name\":\"Actividad pedag\u00f3gica - Patricia Moreno - Vocal Coach f\u00fcr Jazz & Popularmusik\",\"isPartOf\":{\"@id\":\"https:\\\/\\\/patriciamoreno.net\\\/#website\"},\"primaryImageOfPage\":{\"@id\":\"https:\\\/\\\/patriciamoreno.net\\\/teaching\\\/#primaryimage\"},\"image\":{\"@id\":\"https:\\\/\\\/patriciamoreno.net\\\/teaching\\\/#primaryimage\"},\"thumbnailUrl\":\"https:\\\/\\\/i0.wp.com\\\/patriciamoreno.net\\\/wp-content\\\/uploads\\\/2017\\\/08\\\/20170819_083623.jpg?fit=1000%2C667&ssl=1\",\"datePublished\":\"2017-08-12T22:13:52+00:00\",\"dateModified\":\"2026-02-11T02:19:21+00:00\",\"description\":\"Patricia Moreno ist als Vocal Coach f\u00fcr Jazz & Popularmusik t\u00e4tig und unterrichtet zudem Stimmbildung an der Universit\u00e4t Mozarteum Salzburg.\",\"breadcrumb\":{\"@id\":\"https:\\\/\\\/patriciamoreno.net\\\/teaching\\\/#breadcrumb\"},\"inLanguage\":\"es-ES\",\"potentialAction\":[{\"@type\":\"ReadAction\",\"target\":[\"https:\\\/\\\/patriciamoreno.net\\\/teaching\\\/\"]}]},{\"@type\":\"ImageObject\",\"inLanguage\":\"es-ES\",\"@id\":\"https:\\\/\\\/patriciamoreno.net\\\/teaching\\\/#primaryimage\",\"url\":\"https:\\\/\\\/i0.wp.com\\\/patriciamoreno.net\\\/wp-content\\\/uploads\\\/2017\\\/08\\\/20170819_083623.jpg?fit=1000%2C667&ssl=1\",\"contentUrl\":\"https:\\\/\\\/i0.wp.com\\\/patriciamoreno.net\\\/wp-content\\\/uploads\\\/2017\\\/08\\\/20170819_083623.jpg?fit=1000%2C667&ssl=1\",\"width\":1000,\"height\":667,\"caption\":\"\u00a9 Maria Frodl\"},{\"@type\":\"BreadcrumbList\",\"@id\":\"https:\\\/\\\/patriciamoreno.net\\\/teaching\\\/#breadcrumb\",\"itemListElement\":[{\"@type\":\"ListItem\",\"position\":1,\"name\":\"Home\",\"item\":\"https:\\\/\\\/patriciamoreno.net\\\/\"},{\"@type\":\"ListItem\",\"position\":2,\"name\":\"Teaching\"}]},{\"@type\":\"WebSite\",\"@id\":\"https:\\\/\\\/patriciamoreno.net\\\/#website\",\"url\":\"https:\\\/\\\/patriciamoreno.net\\\/\",\"name\":\"Patricia Moreno\",\"description\":\"Singer &amp; Voice Teacher\",\"publisher\":{\"@id\":\"https:\\\/\\\/patriciamoreno.net\\\/#\\\/schema\\\/person\\\/39ad1f4fada58ffb9d66f5df1cf66d2b\"},\"potentialAction\":[{\"@type\":\"SearchAction\",\"target\":{\"@type\":\"EntryPoint\",\"urlTemplate\":\"https:\\\/\\\/patriciamoreno.net\\\/?s={search_term_string}\"},\"query-input\":{\"@type\":\"PropertyValueSpecification\",\"valueRequired\":true,\"valueName\":\"search_term_string\"}}],\"inLanguage\":\"es-ES\"},{\"@type\":[\"Person\",\"Organization\"],\"@id\":\"https:\\\/\\\/patriciamoreno.net\\\/#\\\/schema\\\/person\\\/39ad1f4fada58ffb9d66f5df1cf66d2b\",\"name\":\"Patricia\",\"image\":{\"@type\":\"ImageObject\",\"inLanguage\":\"es-ES\",\"@id\":\"https:\\\/\\\/secure.gravatar.com\\\/avatar\\\/5816fbe4b5628dbba773d471994b712e004f5ebda667d4068de0968a9ddd1043?s=96&d=identicon&r=g\",\"url\":\"https:\\\/\\\/secure.gravatar.com\\\/avatar\\\/5816fbe4b5628dbba773d471994b712e004f5ebda667d4068de0968a9ddd1043?s=96&d=identicon&r=g\",\"contentUrl\":\"https:\\\/\\\/secure.gravatar.com\\\/avatar\\\/5816fbe4b5628dbba773d471994b712e004f5ebda667d4068de0968a9ddd1043?s=96&d=identicon&r=g\",\"caption\":\"Patricia\"},\"logo\":{\"@id\":\"https:\\\/\\\/secure.gravatar.com\\\/avatar\\\/5816fbe4b5628dbba773d471994b712e004f5ebda667d4068de0968a9ddd1043?s=96&d=identicon&r=g\"},\"sameAs\":[\"http:\\\/\\\/patriciamoreno.net\",\"https:\\\/\\\/www.facebook.com\\\/patriciamorenomusic\\\/\",\"https:\\\/\\\/www.instagram.com\\\/patriciamorenomusic\\\/\",\"https:\\\/\\\/www.youtube.com\\\/channel\\\/UCD2Oxsi9QqyNvbTiX-DDLcA\"]}]}<\/script>\n<!-- \/ Yoast SEO plugin. -->","yoast_head_json":{"title":"Actividad pedag\u00f3gica - Patricia Moreno - Vocal Coach f\u00fcr Jazz & Popularmusik","description":"Patricia Moreno es una cantante nacida en Austria. Es Profesora Titular de Formaci\u00f3n Vocal de la Universidad Mozarteum Salzburgo.","robots":{"index":"index","follow":"follow","max-snippet":"max-snippet:-1","max-image-preview":"max-image-preview:large","max-video-preview":"max-video-preview:-1"},"canonical":"https:\/\/patriciamoreno.net\/teaching\/","og_locale":"es_ES","og_type":"article","og_title":"Actividad pedag\u00f3gica - Patricia Moreno","og_description":"Patricia Moreno es una cantante nacida en Austria. Es Profesora Titular de Formaci\u00f3n Vocal de la Universidad Mozarteum Salzburgo.","og_url":"https:\/\/patriciamoreno.net\/teaching\/","og_site_name":"Patricia Moreno","article_publisher":"https:\/\/www.facebook.com\/patriciamorenomusic\/","article_modified_time":"2026-02-11T02:19:21+00:00","og_image":[{"url":"https:\/\/patriciamoreno.net\/wp-content\/uploads\/2020\/06\/MG_8013-1024x718.jpeg","type":"","width":"","height":""}],"twitter_card":"summary_large_image","twitter_site":"@p_morenovocals","twitter_misc":{"Tiempo de lectura":"3 minutes"},"schema":{"@context":"https:\/\/schema.org","@graph":[{"@type":"WebPage","@id":"https:\/\/patriciamoreno.net\/teaching\/","url":"https:\/\/patriciamoreno.net\/teaching\/","name":"Actividad pedag\u00f3gica - Patricia Moreno - Vocal Coach f\u00fcr Jazz & Popularmusik","isPartOf":{"@id":"https:\/\/patriciamoreno.net\/#website"},"primaryImageOfPage":{"@id":"https:\/\/patriciamoreno.net\/teaching\/#primaryimage"},"image":{"@id":"https:\/\/patriciamoreno.net\/teaching\/#primaryimage"},"thumbnailUrl":"https:\/\/i0.wp.com\/patriciamoreno.net\/wp-content\/uploads\/2017\/08\/20170819_083623.jpg?fit=1000%2C667&ssl=1","datePublished":"2017-08-12T22:13:52+00:00","dateModified":"2026-02-11T02:19:21+00:00","description":"Patricia Moreno ist als Vocal Coach f\u00fcr Jazz & Popularmusik t\u00e4tig und unterrichtet zudem Stimmbildung an der Universit\u00e4t Mozarteum Salzburg.","breadcrumb":{"@id":"https:\/\/patriciamoreno.net\/teaching\/#breadcrumb"},"inLanguage":"es-ES","potentialAction":[{"@type":"ReadAction","target":["https:\/\/patriciamoreno.net\/teaching\/"]}]},{"@type":"ImageObject","inLanguage":"es-ES","@id":"https:\/\/patriciamoreno.net\/teaching\/#primaryimage","url":"https:\/\/i0.wp.com\/patriciamoreno.net\/wp-content\/uploads\/2017\/08\/20170819_083623.jpg?fit=1000%2C667&ssl=1","contentUrl":"https:\/\/i0.wp.com\/patriciamoreno.net\/wp-content\/uploads\/2017\/08\/20170819_083623.jpg?fit=1000%2C667&ssl=1","width":1000,"height":667,"caption":"\u00a9 Maria Frodl"},{"@type":"BreadcrumbList","@id":"https:\/\/patriciamoreno.net\/teaching\/#breadcrumb","itemListElement":[{"@type":"ListItem","position":1,"name":"Home","item":"https:\/\/patriciamoreno.net\/"},{"@type":"ListItem","position":2,"name":"Teaching"}]},{"@type":"WebSite","@id":"https:\/\/patriciamoreno.net\/#website","url":"https:\/\/patriciamoreno.net\/","name":"Patricia Moreno","description":"Singer &amp; Voice Teacher","publisher":{"@id":"https:\/\/patriciamoreno.net\/#\/schema\/person\/39ad1f4fada58ffb9d66f5df1cf66d2b"},"potentialAction":[{"@type":"SearchAction","target":{"@type":"EntryPoint","urlTemplate":"https:\/\/patriciamoreno.net\/?s={search_term_string}"},"query-input":{"@type":"PropertyValueSpecification","valueRequired":true,"valueName":"search_term_string"}}],"inLanguage":"es-ES"},{"@type":["Person","Organization"],"@id":"https:\/\/patriciamoreno.net\/#\/schema\/person\/39ad1f4fada58ffb9d66f5df1cf66d2b","name":"Patricia","image":{"@type":"ImageObject","inLanguage":"es-ES","@id":"https:\/\/secure.gravatar.com\/avatar\/5816fbe4b5628dbba773d471994b712e004f5ebda667d4068de0968a9ddd1043?s=96&d=identicon&r=g","url":"https:\/\/secure.gravatar.com\/avatar\/5816fbe4b5628dbba773d471994b712e004f5ebda667d4068de0968a9ddd1043?s=96&d=identicon&r=g","contentUrl":"https:\/\/secure.gravatar.com\/avatar\/5816fbe4b5628dbba773d471994b712e004f5ebda667d4068de0968a9ddd1043?s=96&d=identicon&r=g","caption":"Patricia"},"logo":{"@id":"https:\/\/secure.gravatar.com\/avatar\/5816fbe4b5628dbba773d471994b712e004f5ebda667d4068de0968a9ddd1043?s=96&d=identicon&r=g"},"sameAs":["http:\/\/patriciamoreno.net","https:\/\/www.facebook.com\/patriciamorenomusic\/","https:\/\/www.instagram.com\/patriciamorenomusic\/","https:\/\/www.youtube.com\/channel\/UCD2Oxsi9QqyNvbTiX-DDLcA"]}]}},"jetpack_sharing_enabled":false,"jetpack_shortlink":"https:\/\/wp.me\/P92pXE-fl","jetpack_likes_enabled":false,"_links":{"self":[{"href":"https:\/\/patriciamoreno.net\/es\/wp-json\/wp\/v2\/pages\/951","targetHints":{"allow":["GET"]}}],"collection":[{"href":"https:\/\/patriciamoreno.net\/es\/wp-json\/wp\/v2\/pages"}],"about":[{"href":"https:\/\/patriciamoreno.net\/es\/wp-json\/wp\/v2\/types\/page"}],"author":[{"embeddable":true,"href":"https:\/\/patriciamoreno.net\/es\/wp-json\/wp\/v2\/users\/1"}],"replies":[{"embeddable":true,"href":"https:\/\/patriciamoreno.net\/es\/wp-json\/wp\/v2\/comments?post=951"}],"version-history":[{"count":61,"href":"https:\/\/patriciamoreno.net\/es\/wp-json\/wp\/v2\/pages\/951\/revisions"}],"predecessor-version":[{"id":8615,"href":"https:\/\/patriciamoreno.net\/es\/wp-json\/wp\/v2\/pages\/951\/revisions\/8615"}],"wp:featuredmedia":[{"embeddable":true,"href":"https:\/\/patriciamoreno.net\/es\/wp-json\/wp\/v2\/media\/1230"}],"wp:attachment":[{"href":"https:\/\/patriciamoreno.net\/es\/wp-json\/wp\/v2\/media?parent=951"}],"curies":[{"name":"wp","href":"https:\/\/api.w.org\/{rel}","templated":true}]}}