{"id":584,"date":"2017-08-09T03:19:37","date_gmt":"2017-08-09T01:19:37","guid":{"rendered":"https:\/\/patriciamoreno.net\/?page_id=584"},"modified":"2026-02-11T04:38:38","modified_gmt":"2026-02-11T02:38:38","slug":"bio","status":"publish","type":"page","link":"https:\/\/patriciamoreno.net\/es\/bio\/","title":{"rendered":"Biograf\u00eda"},"content":{"rendered":"<h6 class=\"p1\"><span class=\"s1\">Influencias austr\u00edaco-venezolanas\u00a0<\/span><\/h6>\n<p class=\"p1\"><span class=\"s1\">Patricia Moreno es una cantante nacida en Austria con ra\u00edces venezolanas. Creci\u00f3 en una familia de m\u00fasicos (de padres guitarristas), y fue moldeada por estilos musicales europeos y latinoamericanos, que van desde la m\u00fasica cl\u00e1sica hasta la popular, pasando por la m\u00fasica latina y el jazz.<\/span><span class=\"s2\">\u00a0<\/span><\/p>\n<p class=\"p4\"><span class=\"s1\">Desde su infancia ha seguido su sue\u00f1o de convertirse en m\u00fasico y se prepar\u00f3 para una carrera como violinista cl\u00e1sica, iniciando sus estudios en el Conservatorio de Viena.\u00a0<\/span><\/p>\n<p class=\"p4\"><span class=\"s1\">Sin embargo, a los 17 a\u00f1os tom\u00f3 una nueva direcci\u00f3n y, despu\u00e9s de haber actuado en varias ocasiones como cantante a d\u00fao junto a su padre, el profesor Arnoldo Moreno (<a href=\"https:\/\/patriciamoreno.net\/es\/music\/latin-roots\/\">Latin Roots<\/a>), decidi\u00f3 finalmente convertirse en cantante profesional.<\/span><\/p>\n<p>&nbsp;<\/p>\n<h6 class=\"p1\"><span class=\"s1\">Estudios vocales nacionales e internacionales\u00a0<\/span><\/h6>\n<p class=\"p1\"><span class=\"s1\">Patricia estudi\u00f3 en la especialidad de Jazz en la Universidad Privada de M\u00fasica y Artes de Viena (MUK) con la profesora Ines Reiger, y se gradu\u00f3 con distinci\u00f3n con el t\u00edtulo de Licenciada en Artes.\u00a0<\/span><\/p>\n<p class=\"p1\"><span class=\"s1\">M\u00e1s tarde perfeccion\u00f3 sus habilidades en el <a href=\"https:\/\/www.berklee.edu\/\">Berklee College of Music<\/a>(Boston), donde estudi\u00f3 con <a href=\"https:\/\/bobstoloffmusic.com\/all-about-bob\">Bob Stoloff<\/a>, Joey Blake y Duane Moody, entre otros. All\u00ed descubri\u00f3 nuevas formas de improvisar como solista y como parte de conjuntos vocales. Adem\u00e1s, complet\u00f3 sus estudios de maestr\u00eda en Pedagog\u00eda vocal de Jazz y M\u00fasica Popular en la <a href=\"https:\/\/www.mdw.ac.at\/\">Universidad de M\u00fasica y Artes Esc\u00e9nicas de Viena (MDW)<\/a> con distinci\u00f3n a la excelencia, bajo la tutela de los profesores Elfi Aichinger y Philipp Sageder.\u00a0<\/span><\/p>\n<p>&nbsp;<\/p>\n<h6 class=\"p1\"><span class=\"s1\">Conciertos y colaboraciones con otros artistas\u00a0<\/span><\/h6>\n<p class=\"p1\"><span class=\"s1\">Patricia ha trabajado con m\u00fasicos reconocidos internacionalmente como <a href=\"http:\/\/bobbymcferrin.com\/\">Bobby McFerrin<\/a>, Joey Blake, Alegre Correa, Wolfgang Puschnig y Markus Schirmer.<\/span><\/p>\n<p class=\"p1\"><span class=\"s1\">En Austria actu\u00f3 en el Konzerthaus Wien, el Wiener Musikverein y el European Music Council, entre otros. Realiz\u00f3 giras internacionales como solista en Alemania, Espa\u00f1a, Italia, Grecia, Ucrania, Inglaterra, Corea del Norte, Venezuela y Estados Unidos. Ha aparecido en formaciones que van desde d\u00fao y cuarteto hasta big band y orquesta sinf\u00f3nica.<\/span><\/p>\n<p>&nbsp;<\/p>\n<h6 class=\"p1\"><span class=\"s1\">Premios y distinciones<\/span><\/h6>\n<p><span class=\"s1\"><strong>2004<\/strong>\u00a0 2. Premio a la &#8220;Voz de interpretaci\u00f3n solista&#8221; en el el Festival Internacional &#8220;Music Spring&#8221; en Pyongyang, Corea del Norte.\u00a0<\/span><\/p>\n<p><span class=\"s1\"><strong>En 2005<\/strong> fue elegida como una de las &#8220;5 mejores cantantes del mes de junio&#8221; por <a href=\"http:\/\/www.singeruniverse.com\/\">SingerUniverse en Los \u00c1ngeles<\/a>.<\/span><\/p>\n<p class=\"p1\"><span class=\"s1\"><strong>2008<\/strong> Ganadora de la promoci\u00f3n de j\u00f3venes talentos austr\u00edacos Marianne Mendt.\u00a0<\/span><\/p>\n<p class=\"p1\"><span class=\"s1\"><strong>2010<\/strong> Ganadora de la Beca BEST del <a href=\"https:\/\/www.berklee.edu\/\">Berklee College of Music<\/a>, Boston.\u00a0<\/span><\/p>\n<p class=\"p1\"><span class=\"s1\"><strong>2011<\/strong> Ganadora de la Audici\u00f3n Bobby McFerrin del Berklee College of Music, Boston.\u00a0<\/span><\/p>\n<p class=\"p1\"><span class=\"s1\"><strong>2014<\/strong> Recibi\u00f3 la Beca <a href=\"https:\/\/www.sylff.org\/\">SYLFF de la Fundaci\u00f3n Tokio<\/a>.\u00a0<\/span><\/p>\n","protected":false},"excerpt":{"rendered":"<p>Influencias austr\u00edaco-venezolanas\u00a0 Patricia Moreno es una cantante nacida en Austria con ra\u00edces venezolanas. Creci\u00f3 en una familia de m\u00fasicos (de padres guitarristas), y fue moldeada por estilos musicales europeos y latinoamericanos, que van desde la m\u00fasica cl\u00e1sica hasta la popular, pasando por la m\u00fasica latina y el jazz.\u00a0 Desde su infancia ha seguido su sue\u00f1o [&hellip;]<\/p>\n","protected":false},"author":1,"featured_media":6180,"parent":0,"menu_order":0,"comment_status":"closed","ping_status":"closed","template":"","meta":{"_coblocks_attr":"","_coblocks_dimensions":"","_coblocks_responsive_height":"","_coblocks_accordion_ie_support":"","_crdt_document":"","jetpack_post_was_ever_published":false,"footnotes":""},"class_list":["post-584","page","type-page","status-publish","has-post-thumbnail","hentry"],"translation":{"provider":"WPGlobus","version":"3.0.2","language":"es","enabled_languages":["en","de","es"],"languages":{"en":{"title":true,"content":true,"excerpt":false},"de":{"title":true,"content":true,"excerpt":false},"es":{"title":true,"content":true,"excerpt":false}}},"yoast_head":"<!-- This site is optimized with the Yoast SEO plugin v27.3 - https:\/\/yoast.com\/product\/yoast-seo-wordpress\/ -->\n<title>Patricia Moreno | Jazz singer - Biography, Prizes &amp; Awards<\/title>\n<meta name=\"description\" content=\"Patricia Moreno es una cantante nacido en Austria con ra\u00edces venezolanas. Estudi\u00f3 en Berklee College of Music en Boston y Viena.\" \/>\n<meta name=\"robots\" content=\"index, follow, max-snippet:-1, max-image-preview:large, max-video-preview:-1\" \/>\n<link rel=\"canonical\" href=\"https:\/\/patriciamoreno.net\/bio\/\" \/>\n<meta property=\"og:locale\" content=\"es_ES\" \/>\n<meta property=\"og:type\" content=\"article\" \/>\n<meta property=\"og:title\" content=\"Biograf\u00eda - Patricia Moreno\" \/>\n<meta property=\"og:description\" content=\"Patricia Moreno es una cantante nacido en Austria con ra\u00edces venezolanas. Estudi\u00f3 en Berklee College of Music en Boston y Viena.\" \/>\n<meta property=\"og:url\" content=\"https:\/\/patriciamoreno.net\/bio\/\" \/>\n<meta property=\"og:site_name\" content=\"Patricia Moreno\" \/>\n<meta property=\"article:publisher\" content=\"https:\/\/www.facebook.com\/patriciamorenomusic\/\" \/>\n<meta property=\"article:modified_time\" content=\"2026-02-11T02:38:38+00:00\" \/>\n<meta property=\"og:image\" content=\"https:\/\/patriciamoreno.net\/wp-content\/uploads\/2024\/03\/Patricia-Moreno-BIO-cropped-1024x979.png\" \/>\n\t<meta property=\"og:image:width\" content=\"1024\" \/>\n\t<meta property=\"og:image:height\" content=\"979\" \/>\n\t<meta property=\"og:image:type\" content=\"image\/png\" \/>\n<meta name=\"twitter:card\" content=\"summary_large_image\" \/>\n<meta name=\"twitter:site\" content=\"@p_morenovocals\" \/>\n<meta name=\"twitter:label1\" content=\"Tiempo de lectura\" \/>\n\t<meta name=\"twitter:data1\" content=\"3 minutes\" \/>\n<script type=\"application\/ld+json\" class=\"yoast-schema-graph\">{\"@context\":\"https:\\\/\\\/schema.org\",\"@graph\":[{\"@type\":\"WebPage\",\"@id\":\"https:\\\/\\\/patriciamoreno.net\\\/bio\\\/\",\"url\":\"https:\\\/\\\/patriciamoreno.net\\\/bio\\\/\",\"name\":\"Patricia Moreno | Jazz singer - Biography, Prizes & Awards\",\"isPartOf\":{\"@id\":\"https:\\\/\\\/patriciamoreno.net\\\/#website\"},\"primaryImageOfPage\":{\"@id\":\"https:\\\/\\\/patriciamoreno.net\\\/bio\\\/#primaryimage\"},\"image\":{\"@id\":\"https:\\\/\\\/patriciamoreno.net\\\/bio\\\/#primaryimage\"},\"thumbnailUrl\":\"https:\\\/\\\/i0.wp.com\\\/patriciamoreno.net\\\/wp-content\\\/uploads\\\/2024\\\/03\\\/Patricia-Moreno-BIO-cropped.png?fit=1562%2C1494&ssl=1\",\"datePublished\":\"2017-08-09T01:19:37+00:00\",\"dateModified\":\"2026-02-11T02:38:38+00:00\",\"description\":\"Patricia Moreno is a an Austrian singer with roots in Venezuela. She has collaborated with internationally acclaimed musicians all over the globe.\",\"breadcrumb\":{\"@id\":\"https:\\\/\\\/patriciamoreno.net\\\/bio\\\/#breadcrumb\"},\"inLanguage\":\"es-ES\",\"potentialAction\":[{\"@type\":\"ReadAction\",\"target\":[\"https:\\\/\\\/patriciamoreno.net\\\/bio\\\/\"]}]},{\"@type\":\"ImageObject\",\"inLanguage\":\"es-ES\",\"@id\":\"https:\\\/\\\/patriciamoreno.net\\\/bio\\\/#primaryimage\",\"url\":\"https:\\\/\\\/i0.wp.com\\\/patriciamoreno.net\\\/wp-content\\\/uploads\\\/2024\\\/03\\\/Patricia-Moreno-BIO-cropped.png?fit=1562%2C1494&ssl=1\",\"contentUrl\":\"https:\\\/\\\/i0.wp.com\\\/patriciamoreno.net\\\/wp-content\\\/uploads\\\/2024\\\/03\\\/Patricia-Moreno-BIO-cropped.png?fit=1562%2C1494&ssl=1\",\"width\":1562,\"height\":1494,\"caption\":\"Patricia Moreno Music Official Website - Singer Biography. Photo by Ch\u00e9rie Hansson\"},{\"@type\":\"BreadcrumbList\",\"@id\":\"https:\\\/\\\/patriciamoreno.net\\\/bio\\\/#breadcrumb\",\"itemListElement\":[{\"@type\":\"ListItem\",\"position\":1,\"name\":\"Home\",\"item\":\"https:\\\/\\\/patriciamoreno.net\\\/\"},{\"@type\":\"ListItem\",\"position\":2,\"name\":\"Bio\"}]},{\"@type\":\"WebSite\",\"@id\":\"https:\\\/\\\/patriciamoreno.net\\\/#website\",\"url\":\"https:\\\/\\\/patriciamoreno.net\\\/\",\"name\":\"Patricia Moreno\",\"description\":\"Singer &amp; Voice Teacher\",\"publisher\":{\"@id\":\"https:\\\/\\\/patriciamoreno.net\\\/#\\\/schema\\\/person\\\/39ad1f4fada58ffb9d66f5df1cf66d2b\"},\"potentialAction\":[{\"@type\":\"SearchAction\",\"target\":{\"@type\":\"EntryPoint\",\"urlTemplate\":\"https:\\\/\\\/patriciamoreno.net\\\/?s={search_term_string}\"},\"query-input\":{\"@type\":\"PropertyValueSpecification\",\"valueRequired\":true,\"valueName\":\"search_term_string\"}}],\"inLanguage\":\"es-ES\"},{\"@type\":[\"Person\",\"Organization\"],\"@id\":\"https:\\\/\\\/patriciamoreno.net\\\/#\\\/schema\\\/person\\\/39ad1f4fada58ffb9d66f5df1cf66d2b\",\"name\":\"Patricia\",\"image\":{\"@type\":\"ImageObject\",\"inLanguage\":\"es-ES\",\"@id\":\"https:\\\/\\\/secure.gravatar.com\\\/avatar\\\/5816fbe4b5628dbba773d471994b712e004f5ebda667d4068de0968a9ddd1043?s=96&d=identicon&r=g\",\"url\":\"https:\\\/\\\/secure.gravatar.com\\\/avatar\\\/5816fbe4b5628dbba773d471994b712e004f5ebda667d4068de0968a9ddd1043?s=96&d=identicon&r=g\",\"contentUrl\":\"https:\\\/\\\/secure.gravatar.com\\\/avatar\\\/5816fbe4b5628dbba773d471994b712e004f5ebda667d4068de0968a9ddd1043?s=96&d=identicon&r=g\",\"caption\":\"Patricia\"},\"logo\":{\"@id\":\"https:\\\/\\\/secure.gravatar.com\\\/avatar\\\/5816fbe4b5628dbba773d471994b712e004f5ebda667d4068de0968a9ddd1043?s=96&d=identicon&r=g\"},\"sameAs\":[\"http:\\\/\\\/patriciamoreno.net\",\"https:\\\/\\\/www.facebook.com\\\/patriciamorenomusic\\\/\",\"https:\\\/\\\/www.instagram.com\\\/patriciamorenomusic\\\/\",\"https:\\\/\\\/www.youtube.com\\\/channel\\\/UCD2Oxsi9QqyNvbTiX-DDLcA\"]}]}<\/script>\n<!-- \/ Yoast SEO plugin. -->","yoast_head_json":{"title":"Patricia Moreno | Jazz singer - Biography, Prizes & Awards","description":"Patricia Moreno es una cantante nacido en Austria con ra\u00edces venezolanas. Estudi\u00f3 en Berklee College of Music en Boston y Viena.","robots":{"index":"index","follow":"follow","max-snippet":"max-snippet:-1","max-image-preview":"max-image-preview:large","max-video-preview":"max-video-preview:-1"},"canonical":"https:\/\/patriciamoreno.net\/bio\/","og_locale":"es_ES","og_type":"article","og_title":"Biograf\u00eda - Patricia Moreno","og_description":"Patricia Moreno es una cantante nacido en Austria con ra\u00edces venezolanas. Estudi\u00f3 en Berklee College of Music en Boston y Viena.","og_url":"https:\/\/patriciamoreno.net\/bio\/","og_site_name":"Patricia Moreno","article_publisher":"https:\/\/www.facebook.com\/patriciamorenomusic\/","article_modified_time":"2026-02-11T02:38:38+00:00","og_image":[{"width":1024,"height":979,"url":"https:\/\/patriciamoreno.net\/wp-content\/uploads\/2024\/03\/Patricia-Moreno-BIO-cropped-1024x979.png","type":"image\/png"}],"twitter_card":"summary_large_image","twitter_site":"@p_morenovocals","twitter_misc":{"Tiempo de lectura":"3 minutes"},"schema":{"@context":"https:\/\/schema.org","@graph":[{"@type":"WebPage","@id":"https:\/\/patriciamoreno.net\/bio\/","url":"https:\/\/patriciamoreno.net\/bio\/","name":"Patricia Moreno | Jazz singer - Biography, Prizes & Awards","isPartOf":{"@id":"https:\/\/patriciamoreno.net\/#website"},"primaryImageOfPage":{"@id":"https:\/\/patriciamoreno.net\/bio\/#primaryimage"},"image":{"@id":"https:\/\/patriciamoreno.net\/bio\/#primaryimage"},"thumbnailUrl":"https:\/\/i0.wp.com\/patriciamoreno.net\/wp-content\/uploads\/2024\/03\/Patricia-Moreno-BIO-cropped.png?fit=1562%2C1494&ssl=1","datePublished":"2017-08-09T01:19:37+00:00","dateModified":"2026-02-11T02:38:38+00:00","description":"Patricia Moreno is a an Austrian singer with roots in Venezuela. She has collaborated with internationally acclaimed musicians all over the globe.","breadcrumb":{"@id":"https:\/\/patriciamoreno.net\/bio\/#breadcrumb"},"inLanguage":"es-ES","potentialAction":[{"@type":"ReadAction","target":["https:\/\/patriciamoreno.net\/bio\/"]}]},{"@type":"ImageObject","inLanguage":"es-ES","@id":"https:\/\/patriciamoreno.net\/bio\/#primaryimage","url":"https:\/\/i0.wp.com\/patriciamoreno.net\/wp-content\/uploads\/2024\/03\/Patricia-Moreno-BIO-cropped.png?fit=1562%2C1494&ssl=1","contentUrl":"https:\/\/i0.wp.com\/patriciamoreno.net\/wp-content\/uploads\/2024\/03\/Patricia-Moreno-BIO-cropped.png?fit=1562%2C1494&ssl=1","width":1562,"height":1494,"caption":"Patricia Moreno Music Official Website - Singer Biography. Photo by Ch\u00e9rie Hansson"},{"@type":"BreadcrumbList","@id":"https:\/\/patriciamoreno.net\/bio\/#breadcrumb","itemListElement":[{"@type":"ListItem","position":1,"name":"Home","item":"https:\/\/patriciamoreno.net\/"},{"@type":"ListItem","position":2,"name":"Bio"}]},{"@type":"WebSite","@id":"https:\/\/patriciamoreno.net\/#website","url":"https:\/\/patriciamoreno.net\/","name":"Patricia Moreno","description":"Singer &amp; Voice Teacher","publisher":{"@id":"https:\/\/patriciamoreno.net\/#\/schema\/person\/39ad1f4fada58ffb9d66f5df1cf66d2b"},"potentialAction":[{"@type":"SearchAction","target":{"@type":"EntryPoint","urlTemplate":"https:\/\/patriciamoreno.net\/?s={search_term_string}"},"query-input":{"@type":"PropertyValueSpecification","valueRequired":true,"valueName":"search_term_string"}}],"inLanguage":"es-ES"},{"@type":["Person","Organization"],"@id":"https:\/\/patriciamoreno.net\/#\/schema\/person\/39ad1f4fada58ffb9d66f5df1cf66d2b","name":"Patricia","image":{"@type":"ImageObject","inLanguage":"es-ES","@id":"https:\/\/secure.gravatar.com\/avatar\/5816fbe4b5628dbba773d471994b712e004f5ebda667d4068de0968a9ddd1043?s=96&d=identicon&r=g","url":"https:\/\/secure.gravatar.com\/avatar\/5816fbe4b5628dbba773d471994b712e004f5ebda667d4068de0968a9ddd1043?s=96&d=identicon&r=g","contentUrl":"https:\/\/secure.gravatar.com\/avatar\/5816fbe4b5628dbba773d471994b712e004f5ebda667d4068de0968a9ddd1043?s=96&d=identicon&r=g","caption":"Patricia"},"logo":{"@id":"https:\/\/secure.gravatar.com\/avatar\/5816fbe4b5628dbba773d471994b712e004f5ebda667d4068de0968a9ddd1043?s=96&d=identicon&r=g"},"sameAs":["http:\/\/patriciamoreno.net","https:\/\/www.facebook.com\/patriciamorenomusic\/","https:\/\/www.instagram.com\/patriciamorenomusic\/","https:\/\/www.youtube.com\/channel\/UCD2Oxsi9QqyNvbTiX-DDLcA"]}]}},"jetpack_sharing_enabled":false,"jetpack_shortlink":"https:\/\/wp.me\/P92pXE-9q","jetpack_likes_enabled":false,"_links":{"self":[{"href":"https:\/\/patriciamoreno.net\/es\/wp-json\/wp\/v2\/pages\/584","targetHints":{"allow":["GET"]}}],"collection":[{"href":"https:\/\/patriciamoreno.net\/es\/wp-json\/wp\/v2\/pages"}],"about":[{"href":"https:\/\/patriciamoreno.net\/es\/wp-json\/wp\/v2\/types\/page"}],"author":[{"embeddable":true,"href":"https:\/\/patriciamoreno.net\/es\/wp-json\/wp\/v2\/users\/1"}],"replies":[{"embeddable":true,"href":"https:\/\/patriciamoreno.net\/es\/wp-json\/wp\/v2\/comments?post=584"}],"version-history":[{"count":99,"href":"https:\/\/patriciamoreno.net\/es\/wp-json\/wp\/v2\/pages\/584\/revisions"}],"predecessor-version":[{"id":8621,"href":"https:\/\/patriciamoreno.net\/es\/wp-json\/wp\/v2\/pages\/584\/revisions\/8621"}],"wp:featuredmedia":[{"embeddable":true,"href":"https:\/\/patriciamoreno.net\/es\/wp-json\/wp\/v2\/media\/6180"}],"wp:attachment":[{"href":"https:\/\/patriciamoreno.net\/es\/wp-json\/wp\/v2\/media?parent=584"}],"curies":[{"name":"wp","href":"https:\/\/api.w.org\/{rel}","templated":true}]}}