{"id":960,"date":"2017-08-13T00:17:51","date_gmt":"2017-08-12T22:17:51","guid":{"rendered":"https:\/\/patriciamoreno.net\/?page_id=960"},"modified":"2026-02-13T18:01:08","modified_gmt":"2026-02-13T16:01:08","slug":"info","status":"publish","type":"page","link":"https:\/\/patriciamoreno.net\/de\/info\/","title":{"rendered":"Info"},"content":{"rendered":"<p>Patricia Moreno ist eine \u00f6sterreichische S\u00e4ngerin, die in den Bereichen Jazz, Latin und Popularmusik beheimatet ist. Neben ihrem k\u00fcnstlerischen Wirken auf der B\u00fchne und im Studio ist sie dar\u00fcberhinaus als ausgebildete Gesangsp\u00e4dagogin t\u00e4tig und unterrichtet an der <a href=\"https:\/\/www.moz.ac.at\/de\/\">Universit\u00e4t Mozarteum Salzburg<\/a>. Mehr Informationen \u00fcber Patricia Moreno:<\/p>\n<ul>\n<li><a href=\"https:\/\/patriciamoreno.net\/de\/bio\/\">Biografie<\/a><\/li>\n<\/ul>\n<ul>\n<li><a href=\"https:\/\/patriciamoreno.net\/de\/teaching\/\">Lehrt\u00e4tigkeit<\/a><\/li>\n<\/ul>\n","protected":false},"excerpt":{"rendered":"<p>Patricia Moreno ist eine \u00f6sterreichische S\u00e4ngerin, die in den Bereichen Jazz, Latin und Popularmusik beheimatet ist. Neben ihrem k\u00fcnstlerischen Wirken auf der B\u00fchne und im Studio ist sie dar\u00fcberhinaus als ausgebildete Gesangsp\u00e4dagogin t\u00e4tig und unterrichtet an der Universit\u00e4t Mozarteum Salzburg. Mehr Informationen \u00fcber Patricia Moreno: Biografie Lehrt\u00e4tigkeit<\/p>\n","protected":false},"author":1,"featured_media":499,"parent":0,"menu_order":0,"comment_status":"closed","ping_status":"closed","template":"","meta":{"_coblocks_attr":"","_coblocks_dimensions":"","_coblocks_responsive_height":"","_coblocks_accordion_ie_support":"","_crdt_document":"","footnotes":""},"class_list":["post-960","page","type-page","status-publish","has-post-thumbnail","hentry"],"translation":{"provider":"WPGlobus","version":"3.0.2","language":"de","enabled_languages":["en","de","es"],"languages":{"en":{"title":true,"content":true,"excerpt":false},"de":{"title":true,"content":true,"excerpt":false},"es":{"title":true,"content":true,"excerpt":false}}},"yoast_head":"<!-- This site is optimized with the Yoast SEO plugin v27.6 - https:\/\/yoast.com\/product\/yoast-seo-wordpress\/ -->\n<title>Info - Patricia Moreno - Biography and teaching activities<\/title>\n<meta name=\"description\" content=\"Patricia Moreno ist eine \u00f6sterreischische S\u00e4ngerin mit venezolanischen Wurzeln. Mehr zu ihrer Biografie und Lehrt\u00e4tigkeit.\" \/>\n<meta name=\"robots\" content=\"index, follow, max-snippet:-1, max-image-preview:large, max-video-preview:-1\" \/>\n<link rel=\"canonical\" href=\"https:\/\/patriciamoreno.net\/info\/\" \/>\n<meta property=\"og:locale\" content=\"de_DE\" \/>\n<meta property=\"og:type\" content=\"article\" \/>\n<meta property=\"og:title\" content=\"Info - Patricia Moreno\" \/>\n<meta property=\"og:description\" content=\"Patricia Moreno ist eine \u00f6sterreischische S\u00e4ngerin mit venezolanischen Wurzeln. Mehr zu ihrer Biografie und Lehrt\u00e4tigkeit.\" \/>\n<meta property=\"og:url\" content=\"https:\/\/patriciamoreno.net\/info\/\" \/>\n<meta property=\"og:site_name\" content=\"Patricia Moreno\" \/>\n<meta property=\"article:publisher\" content=\"https:\/\/www.facebook.com\/patriciamorenomusic\/\" \/>\n<meta property=\"article:modified_time\" content=\"2026-02-13T16:01:08+00:00\" \/>\n<meta property=\"og:image\" content=\"https:\/\/patriciamoreno.net\/wp-content\/uploads\/2017\/08\/20232276_10213617119403895_8397007285268238651_o.jpg\" \/>\n\t<meta property=\"og:image:width\" content=\"1440\" \/>\n\t<meta property=\"og:image:height\" content=\"960\" \/>\n\t<meta property=\"og:image:type\" content=\"image\/jpeg\" \/>\n<meta name=\"twitter:card\" content=\"summary_large_image\" \/>\n<meta name=\"twitter:site\" content=\"@p_morenovocals\" \/>\n<meta name=\"twitter:label1\" content=\"Gesch\u00e4tzte Lesezeit\" \/>\n\t<meta name=\"twitter:data1\" content=\"1\u00a0Minute\" \/>\n<script type=\"application\/ld+json\" class=\"yoast-schema-graph\">{\"@context\":\"https:\\\/\\\/schema.org\",\"@graph\":[{\"@type\":\"WebPage\",\"@id\":\"https:\\\/\\\/patriciamoreno.net\\\/info\\\/\",\"url\":\"https:\\\/\\\/patriciamoreno.net\\\/info\\\/\",\"name\":\"Info - Patricia Moreno - Biography and teaching activities\",\"isPartOf\":{\"@id\":\"https:\\\/\\\/patriciamoreno.net\\\/#website\"},\"primaryImageOfPage\":{\"@id\":\"https:\\\/\\\/patriciamoreno.net\\\/info\\\/#primaryimage\"},\"image\":{\"@id\":\"https:\\\/\\\/patriciamoreno.net\\\/info\\\/#primaryimage\"},\"thumbnailUrl\":\"https:\\\/\\\/i0.wp.com\\\/patriciamoreno.net\\\/wp-content\\\/uploads\\\/2017\\\/08\\\/20232276_10213617119403895_8397007285268238651_o.jpg?fit=1440%2C960&ssl=1\",\"datePublished\":\"2017-08-12T22:17:51+00:00\",\"dateModified\":\"2026-02-13T16:01:08+00:00\",\"description\":\"Patricia Moreno is an Austrian - Venezuelan Jazz Singer. Performing artist in Jazz & Popular Music. Professionally trained voice instructor.\",\"breadcrumb\":{\"@id\":\"https:\\\/\\\/patriciamoreno.net\\\/info\\\/#breadcrumb\"},\"inLanguage\":\"de\",\"potentialAction\":[{\"@type\":\"ReadAction\",\"target\":[\"https:\\\/\\\/patriciamoreno.net\\\/info\\\/\"]}]},{\"@type\":\"ImageObject\",\"inLanguage\":\"de\",\"@id\":\"https:\\\/\\\/patriciamoreno.net\\\/info\\\/#primaryimage\",\"url\":\"https:\\\/\\\/i0.wp.com\\\/patriciamoreno.net\\\/wp-content\\\/uploads\\\/2017\\\/08\\\/20232276_10213617119403895_8397007285268238651_o.jpg?fit=1440%2C960&ssl=1\",\"contentUrl\":\"https:\\\/\\\/i0.wp.com\\\/patriciamoreno.net\\\/wp-content\\\/uploads\\\/2017\\\/08\\\/20232276_10213617119403895_8397007285268238651_o.jpg?fit=1440%2C960&ssl=1\",\"width\":1440,\"height\":960,\"caption\":\"Patricia Moreno - Jazz Singer. Photo \u00a9 Maria Frodl\"},{\"@type\":\"BreadcrumbList\",\"@id\":\"https:\\\/\\\/patriciamoreno.net\\\/info\\\/#breadcrumb\",\"itemListElement\":[{\"@type\":\"ListItem\",\"position\":1,\"name\":\"Home\",\"item\":\"https:\\\/\\\/patriciamoreno.net\\\/\"},{\"@type\":\"ListItem\",\"position\":2,\"name\":\"About\"}]},{\"@type\":\"WebSite\",\"@id\":\"https:\\\/\\\/patriciamoreno.net\\\/#website\",\"url\":\"https:\\\/\\\/patriciamoreno.net\\\/\",\"name\":\"Patricia Moreno\",\"description\":\"Singer &amp; Voice Teacher\",\"publisher\":{\"@id\":\"https:\\\/\\\/patriciamoreno.net\\\/#\\\/schema\\\/person\\\/39ad1f4fada58ffb9d66f5df1cf66d2b\"},\"potentialAction\":[{\"@type\":\"SearchAction\",\"target\":{\"@type\":\"EntryPoint\",\"urlTemplate\":\"https:\\\/\\\/patriciamoreno.net\\\/?s={search_term_string}\"},\"query-input\":{\"@type\":\"PropertyValueSpecification\",\"valueRequired\":true,\"valueName\":\"search_term_string\"}}],\"inLanguage\":\"de\"},{\"@type\":[\"Person\",\"Organization\"],\"@id\":\"https:\\\/\\\/patriciamoreno.net\\\/#\\\/schema\\\/person\\\/39ad1f4fada58ffb9d66f5df1cf66d2b\",\"name\":\"Patricia\",\"image\":{\"@type\":\"ImageObject\",\"inLanguage\":\"de\",\"@id\":\"https:\\\/\\\/secure.gravatar.com\\\/avatar\\\/5816fbe4b5628dbba773d471994b712e004f5ebda667d4068de0968a9ddd1043?s=96&d=identicon&r=g\",\"url\":\"https:\\\/\\\/secure.gravatar.com\\\/avatar\\\/5816fbe4b5628dbba773d471994b712e004f5ebda667d4068de0968a9ddd1043?s=96&d=identicon&r=g\",\"contentUrl\":\"https:\\\/\\\/secure.gravatar.com\\\/avatar\\\/5816fbe4b5628dbba773d471994b712e004f5ebda667d4068de0968a9ddd1043?s=96&d=identicon&r=g\",\"caption\":\"Patricia\"},\"logo\":{\"@id\":\"https:\\\/\\\/secure.gravatar.com\\\/avatar\\\/5816fbe4b5628dbba773d471994b712e004f5ebda667d4068de0968a9ddd1043?s=96&d=identicon&r=g\"},\"sameAs\":[\"http:\\\/\\\/patriciamoreno.net\",\"https:\\\/\\\/www.facebook.com\\\/patriciamorenomusic\\\/\",\"https:\\\/\\\/www.instagram.com\\\/patriciamorenomusic\\\/\",\"https:\\\/\\\/www.youtube.com\\\/channel\\\/UCD2Oxsi9QqyNvbTiX-DDLcA\"]}]}<\/script>\n<!-- \/ Yoast SEO plugin. -->","yoast_head_json":{"title":"Info - Patricia Moreno - Biography and teaching activities","description":"Patricia Moreno ist eine \u00f6sterreischische S\u00e4ngerin mit venezolanischen Wurzeln. Mehr zu ihrer Biografie und Lehrt\u00e4tigkeit.","robots":{"index":"index","follow":"follow","max-snippet":"max-snippet:-1","max-image-preview":"max-image-preview:large","max-video-preview":"max-video-preview:-1"},"canonical":"https:\/\/patriciamoreno.net\/info\/","og_locale":"de_DE","og_type":"article","og_title":"Info - Patricia Moreno","og_description":"Patricia Moreno ist eine \u00f6sterreischische S\u00e4ngerin mit venezolanischen Wurzeln. Mehr zu ihrer Biografie und Lehrt\u00e4tigkeit.","og_url":"https:\/\/patriciamoreno.net\/info\/","og_site_name":"Patricia Moreno","article_publisher":"https:\/\/www.facebook.com\/patriciamorenomusic\/","article_modified_time":"2026-02-13T16:01:08+00:00","og_image":[{"width":1440,"height":960,"url":"https:\/\/patriciamoreno.net\/wp-content\/uploads\/2017\/08\/20232276_10213617119403895_8397007285268238651_o.jpg","type":"image\/jpeg"}],"twitter_card":"summary_large_image","twitter_site":"@p_morenovocals","twitter_misc":{"Gesch\u00e4tzte Lesezeit":"1\u00a0Minute"},"schema":{"@context":"https:\/\/schema.org","@graph":[{"@type":"WebPage","@id":"https:\/\/patriciamoreno.net\/info\/","url":"https:\/\/patriciamoreno.net\/info\/","name":"Info - Patricia Moreno - Biography and teaching activities","isPartOf":{"@id":"https:\/\/patriciamoreno.net\/#website"},"primaryImageOfPage":{"@id":"https:\/\/patriciamoreno.net\/info\/#primaryimage"},"image":{"@id":"https:\/\/patriciamoreno.net\/info\/#primaryimage"},"thumbnailUrl":"https:\/\/i0.wp.com\/patriciamoreno.net\/wp-content\/uploads\/2017\/08\/20232276_10213617119403895_8397007285268238651_o.jpg?fit=1440%2C960&ssl=1","datePublished":"2017-08-12T22:17:51+00:00","dateModified":"2026-02-13T16:01:08+00:00","description":"Patricia Moreno is an Austrian - Venezuelan Jazz Singer. Performing artist in Jazz & Popular Music. Professionally trained voice instructor.","breadcrumb":{"@id":"https:\/\/patriciamoreno.net\/info\/#breadcrumb"},"inLanguage":"de","potentialAction":[{"@type":"ReadAction","target":["https:\/\/patriciamoreno.net\/info\/"]}]},{"@type":"ImageObject","inLanguage":"de","@id":"https:\/\/patriciamoreno.net\/info\/#primaryimage","url":"https:\/\/i0.wp.com\/patriciamoreno.net\/wp-content\/uploads\/2017\/08\/20232276_10213617119403895_8397007285268238651_o.jpg?fit=1440%2C960&ssl=1","contentUrl":"https:\/\/i0.wp.com\/patriciamoreno.net\/wp-content\/uploads\/2017\/08\/20232276_10213617119403895_8397007285268238651_o.jpg?fit=1440%2C960&ssl=1","width":1440,"height":960,"caption":"Patricia Moreno - Jazz Singer. Photo \u00a9 Maria Frodl"},{"@type":"BreadcrumbList","@id":"https:\/\/patriciamoreno.net\/info\/#breadcrumb","itemListElement":[{"@type":"ListItem","position":1,"name":"Home","item":"https:\/\/patriciamoreno.net\/"},{"@type":"ListItem","position":2,"name":"About"}]},{"@type":"WebSite","@id":"https:\/\/patriciamoreno.net\/#website","url":"https:\/\/patriciamoreno.net\/","name":"Patricia Moreno","description":"Singer &amp; Voice Teacher","publisher":{"@id":"https:\/\/patriciamoreno.net\/#\/schema\/person\/39ad1f4fada58ffb9d66f5df1cf66d2b"},"potentialAction":[{"@type":"SearchAction","target":{"@type":"EntryPoint","urlTemplate":"https:\/\/patriciamoreno.net\/?s={search_term_string}"},"query-input":{"@type":"PropertyValueSpecification","valueRequired":true,"valueName":"search_term_string"}}],"inLanguage":"de"},{"@type":["Person","Organization"],"@id":"https:\/\/patriciamoreno.net\/#\/schema\/person\/39ad1f4fada58ffb9d66f5df1cf66d2b","name":"Patricia","image":{"@type":"ImageObject","inLanguage":"de","@id":"https:\/\/secure.gravatar.com\/avatar\/5816fbe4b5628dbba773d471994b712e004f5ebda667d4068de0968a9ddd1043?s=96&d=identicon&r=g","url":"https:\/\/secure.gravatar.com\/avatar\/5816fbe4b5628dbba773d471994b712e004f5ebda667d4068de0968a9ddd1043?s=96&d=identicon&r=g","contentUrl":"https:\/\/secure.gravatar.com\/avatar\/5816fbe4b5628dbba773d471994b712e004f5ebda667d4068de0968a9ddd1043?s=96&d=identicon&r=g","caption":"Patricia"},"logo":{"@id":"https:\/\/secure.gravatar.com\/avatar\/5816fbe4b5628dbba773d471994b712e004f5ebda667d4068de0968a9ddd1043?s=96&d=identicon&r=g"},"sameAs":["http:\/\/patriciamoreno.net","https:\/\/www.facebook.com\/patriciamorenomusic\/","https:\/\/www.instagram.com\/patriciamorenomusic\/","https:\/\/www.youtube.com\/channel\/UCD2Oxsi9QqyNvbTiX-DDLcA"]}]}},"jetpack_sharing_enabled":false,"jetpack_shortlink":"https:\/\/wp.me\/P92pXE-fu","jetpack_likes_enabled":false,"_links":{"self":[{"href":"https:\/\/patriciamoreno.net\/de\/wp-json\/wp\/v2\/pages\/960","targetHints":{"allow":["GET"]}}],"collection":[{"href":"https:\/\/patriciamoreno.net\/de\/wp-json\/wp\/v2\/pages"}],"about":[{"href":"https:\/\/patriciamoreno.net\/de\/wp-json\/wp\/v2\/types\/page"}],"author":[{"embeddable":true,"href":"https:\/\/patriciamoreno.net\/de\/wp-json\/wp\/v2\/users\/1"}],"replies":[{"embeddable":true,"href":"https:\/\/patriciamoreno.net\/de\/wp-json\/wp\/v2\/comments?post=960"}],"version-history":[{"count":35,"href":"https:\/\/patriciamoreno.net\/de\/wp-json\/wp\/v2\/pages\/960\/revisions"}],"predecessor-version":[{"id":8708,"href":"https:\/\/patriciamoreno.net\/de\/wp-json\/wp\/v2\/pages\/960\/revisions\/8708"}],"wp:featuredmedia":[{"embeddable":true,"href":"https:\/\/patriciamoreno.net\/de\/wp-json\/wp\/v2\/media\/499"}],"wp:attachment":[{"href":"https:\/\/patriciamoreno.net\/de\/wp-json\/wp\/v2\/media?parent=960"}],"curies":[{"name":"wp","href":"https:\/\/api.w.org\/{rel}","templated":true}]}}