{"id":951,"date":"2017-08-13T00:13:52","date_gmt":"2017-08-12T22:13:52","guid":{"rendered":"https:\/\/patriciamoreno.net\/?page_id=951"},"modified":"2026-02-11T04:19:21","modified_gmt":"2026-02-11T02:19:21","slug":"teaching","status":"publish","type":"page","link":"https:\/\/patriciamoreno.net\/de\/teaching\/","title":{"rendered":"Lehrt\u00e4tigkeit"},"content":{"rendered":"\n<h6 class=\"wp-block-heading\">Voice, Embodiment, Identity<\/h6>\n\n\n\n<p class=\"wp-block-paragraph\"><strong>Ich bin S\u00e4ngerin, Vocal Coach und Voice Guide f\u00fcr verk\u00f6rperte Stimme, Pr\u00e4senz und Identit\u00e4t.<\/strong><\/p>\n\n\n\n<p class=\"wp-block-paragraph\">Meine Arbeit geht dort weiter, wo Technik an ihre Grenzen st\u00f6\u00dft. Ich arbeite nicht nur daran, Gesangsstimmen zu optimieren, sondern daran, wie Menschen sich selbst erleben, wenn sie h\u00f6rbar werden. Unsere Stimme ist eng verwoben mit unserem Selbst: Was wir denken, f\u00fchlen und mit uns tragen &#8211; bewusst oder unbewusst &#8211; schwingt in ihr mit. In der Art, wie wir sprechen, singen, kommunizieren und schweigen.<\/p>\n\n\n\n<p class=\"wp-block-paragraph\">Ich begleite Menschen durch Prozesse, in denen Kontrolle weicher wird, alte Glaubenss\u00e4tze sich wandeln, Limitationen durchbrochen werden und Vertrauen zu sich selbst w\u00e4chst. Selbstzensur darf weichen, Ausdruck wird sicherer, und die eigene Pr\u00e4senz sp\u00fcr- und h\u00f6rbar. Singen ist dabei kein Ziel, sondern ein Mittel: <strong>um Raum einzunehmen, Emotionen wahrhaftig zu verk\u00f6rpern, mit anderen zu teilen und eine neue Beziehung zu sich selbst und der Au\u00dfenwelt aufzubauen.<\/strong><\/p>\n\n\n\n<p class=\"wp-block-paragraph\">Meine Grundlagen sind eine <strong>fundierte akademische Gesangsausbildung im Jazz- und Popularmusikbereich<\/strong> sowie <strong>anatomisches und physiologisches Know-how<\/strong>, basierend auf zeitgem\u00e4\u00dfer Stimmforschung. Erg\u00e4nzt wird dies durch Atemcoaching, Nervensystemarbeit sowie Text- und Interpretationsarbeit aus der darstellenden Kunst. Insgesamt umfasst meine T\u00e4tigkeit fast zwei Jahrzehnte Erfahrung in Stimm- und K\u00f6rperarbeit.Mein Werkzeug ist die Stimme. Mein Feld ist der K\u00f6rper, das Nervensystem und die Arbeit mit Energie, Pr\u00e4senz, Authentizit\u00e4t und Identit\u00e4t.<\/p>\n\n\n\n<p class=\"wp-block-paragraph\">Ich arbeite mit Menschen, die sp\u00fcren, dass ihre Stimme der Schl\u00fcssel ist, ungesehenes Potenzial in ihrer Identit\u00e4t zu entfalten. Meine Arbeit ist pers\u00f6nlich, pr\u00e4zise und tiefgreifend. Abseits meiner universit\u00e4ren Lehrt\u00e4tigkeit begleite ich nur wenige Menschen auf diese Weise gleichzeitig, weil echte Transformation Zeit, Raum, Pr\u00e4senz und Eigenverantwortung braucht. Der Fokus liegt nicht nur auf reiner vokalistischer Leistung sondern ebenso darauf, R\u00e4ume zu \u00f6ffnen, in denen Menschen <strong>sich sp\u00fcren, Vertrauen aufbauen und ihre volle Kraft entfalten<\/strong>.<\/p>\n\n\n\n<p class=\"wp-block-paragraph\"><a href=\"https:\/\/patriciamoreno.net\/\">Patricia Moreno<\/a> entdeckte bereits w\u00e4hrend ihrer Studienzeit das Interesse an Gesangsp\u00e4dagogik, Stimm- und K\u00f6rperarbeit und Voice Coaching und hat sich daher neben ihrer k\u00fcnstlerischen Arbeit auch ihrer T\u00e4tigkeit als Vocal Coach verschrieben. Zudem unterrichtet sie seit 2016 als Senior Lecturer f\u00fcr Stimmbildung f\u00fcr Schauspielende am Thomas Bernhard Institut der <a href=\"https:\/\/www.moz.ac.at\/de\/\">Universit\u00e4t Mozarteum Salzburg<\/a>. Sie war dar\u00fcberhinaus am <a href=\"https:\/\/www.ipop.at\/\">Institut f\u00fcr Popularmusik<\/a> (IPOP) der <a href=\"https:\/\/www.mdw.ac.at\/\">Universit\u00e4t f\u00fcr Musik und darstellende Kunst Wien<\/a> und an der <a href=\"https:\/\/www.jammusiclab.com\">Jam Music Lab Privatuniversit\u00e4t<\/a> f\u00fcr Jazz und Popularmusik in Wien als Dozierende t\u00e4tig. Seit 2026 ist sie zudem Senior Artist f\u00fcr Pop- Vocals als Hauptfachdozierende and der Gustav Mahler Privatuniversit\u00e4t Klagenfurt, wo sie auch Fachdidaktik und Methodik, Songwriting, Lehrpraxis sowie Ensemble unterrichtet.<\/p>\n\n\n\n<h6 class=\"wp-block-heading\"><\/h6>\n\n\n\n<h6 class=\"wp-block-heading\">Workshops und Masterclasses f\u00fcr Gesang im Jazz &#8211; und Popularmusikbereich<\/h6>\n\n\n\n<p class=\"wp-block-paragraph\">Patricia Moreno gab Workshops in \u00d6sterreich, Italien und Spanien (<a href=\"http:\/\/www.tallersmusicalsavinyo.com\" target=\"_blank\" rel=\"noopener noreferrer\">Tallers Musicals d&#8217;Aviny\u00f3<\/a>). Ihre Arbeit als Vocal Coach umfasste hierbei Themen wie Stilinterpretation, Umgang mit Text, B\u00fchnenpr\u00e4senz, Improvisation, Gesangstechnik und Ensemblegesang in den Bereichen Jazz und Popularmusik.<\/p>\n\n\n\n<p class=\"wp-block-paragraph\">Sie gab Masterclasses f\u00fcr Jazz und Popularmusik an der Universidad Nacional del Tachira (Venezuela), dem Musikkonservatorium Lino Gallardo Caracas (Venezuela), dem Musikkonservatorium Barinas (Venezuela),sowie Fortgeschrittenenkurse f\u00fcr Musikp\u00e4dagog*innen, organisiert vom Orquesta Sinf\u00f3nica de Ciudad Guayana (Venezuela).<\/p>\n\n\n\n<p class=\"wp-block-paragraph\">&nbsp;<\/p>\n\n\n<div class=\"wp-block-image\">\n<figure class=\"aligncenter\"><img data-recalc-dims=\"1\" loading=\"lazy\" decoding=\"async\" width=\"720\" height=\"505\" data-attachment-id=\"3857\" data-permalink=\"https:\/\/patriciamoreno.net\/de\/teaching\/_mg_8013\/\" data-orig-file=\"https:\/\/i0.wp.com\/patriciamoreno.net\/wp-content\/uploads\/2020\/06\/MG_8013.jpeg?fit=3288%2C2304&amp;ssl=1\" data-orig-size=\"3288,2304\" data-comments-opened=\"0\" data-image-meta=\"{&quot;aperture&quot;:&quot;5.6&quot;,&quot;credit&quot;:&quot;&quot;,&quot;camera&quot;:&quot;Canon EOS REBEL T2i&quot;,&quot;caption&quot;:&quot;&quot;,&quot;created_timestamp&quot;:&quot;1329388407&quot;,&quot;copyright&quot;:&quot;&quot;,&quot;focal_length&quot;:&quot;18&quot;,&quot;iso&quot;:&quot;800&quot;,&quot;shutter_speed&quot;:&quot;0.05&quot;,&quot;title&quot;:&quot;&quot;,&quot;orientation&quot;:&quot;0&quot;}\" data-image-title=\"Patricia Moreno Workshop\" data-image-description=\"\" data-image-caption=\"\" data-large-file=\"https:\/\/i0.wp.com\/patriciamoreno.net\/wp-content\/uploads\/2020\/06\/MG_8013.jpeg?fit=720%2C505&amp;ssl=1\" src=\"https:\/\/i0.wp.com\/patriciamoreno.net\/wp-content\/uploads\/2020\/06\/MG_8013.jpeg?resize=720%2C505&#038;ssl=1\" alt=\"Patricia Moreno - Gesangsworkshop f\u00fcr Musikp\u00e4dagog*innen (Ciudad Guayana, Venezuela)\" class=\"wp-image-3857\" title=\"Patricia Moreno - Gesangsworkshop in Ciudad Guayana, Venezuela\" srcset=\"https:\/\/i0.wp.com\/patriciamoreno.net\/wp-content\/uploads\/2020\/06\/MG_8013.jpeg?resize=1024%2C718&amp;ssl=1 1024w, https:\/\/i0.wp.com\/patriciamoreno.net\/wp-content\/uploads\/2020\/06\/MG_8013.jpeg?resize=300%2C210&amp;ssl=1 300w, https:\/\/i0.wp.com\/patriciamoreno.net\/wp-content\/uploads\/2020\/06\/MG_8013.jpeg?resize=768%2C538&amp;ssl=1 768w, https:\/\/i0.wp.com\/patriciamoreno.net\/wp-content\/uploads\/2020\/06\/MG_8013.jpeg?resize=1536%2C1076&amp;ssl=1 1536w, https:\/\/i0.wp.com\/patriciamoreno.net\/wp-content\/uploads\/2020\/06\/MG_8013.jpeg?resize=2048%2C1435&amp;ssl=1 2048w, https:\/\/i0.wp.com\/patriciamoreno.net\/wp-content\/uploads\/2020\/06\/MG_8013.jpeg?resize=1200%2C841&amp;ssl=1 1200w, https:\/\/i0.wp.com\/patriciamoreno.net\/wp-content\/uploads\/2020\/06\/MG_8013.jpeg?resize=640%2C448&amp;ssl=1 640w, https:\/\/i0.wp.com\/patriciamoreno.net\/wp-content\/uploads\/2020\/06\/MG_8013.jpeg?w=1440&amp;ssl=1 1440w, https:\/\/i0.wp.com\/patriciamoreno.net\/wp-content\/uploads\/2020\/06\/MG_8013.jpeg?w=2160&amp;ssl=1 2160w\" sizes=\"auto, (max-width: 720px) 100vw, 720px\" \/><\/figure>\n<\/div>\n\n\n<p class=\"wp-block-paragraph\"><\/p>\n\n\n\n<p class=\"wp-block-paragraph\">&nbsp;<\/p>\n","protected":false},"excerpt":{"rendered":"<p>Voice, Embodiment, Identity Ich bin S\u00e4ngerin, Vocal Coach und Voice Guide f\u00fcr verk\u00f6rperte Stimme, Pr\u00e4senz und Identit\u00e4t. Meine Arbeit geht dort weiter, wo Technik an ihre Grenzen st\u00f6\u00dft. Ich arbeite nicht nur daran, Gesangsstimmen zu optimieren, sondern daran, wie Menschen sich selbst erleben, wenn sie h\u00f6rbar werden. Unsere Stimme ist eng verwoben mit unserem Selbst: [&hellip;]<\/p>\n","protected":false},"author":1,"featured_media":1230,"parent":0,"menu_order":0,"comment_status":"closed","ping_status":"closed","template":"","meta":{"_coblocks_attr":"","_coblocks_dimensions":"","_coblocks_responsive_height":"","_coblocks_accordion_ie_support":"","_crdt_document":"","footnotes":""},"class_list":["post-951","page","type-page","status-publish","has-post-thumbnail","hentry"],"translation":{"provider":"WPGlobus","version":"3.0.2","language":"de","enabled_languages":["en","de","es"],"languages":{"en":{"title":true,"content":true,"excerpt":false},"de":{"title":true,"content":true,"excerpt":false},"es":{"title":true,"content":true,"excerpt":false}}},"yoast_head":"<!-- This site is optimized with the Yoast SEO plugin v27.4 - https:\/\/yoast.com\/product\/yoast-seo-wordpress\/ -->\n<title>Lehrt\u00e4tigkeit - Patricia Moreno - Vocal Coach f\u00fcr Jazz &amp; Popularmusik<\/title>\n<meta name=\"description\" content=\"Patricia Moreno ist als Vocal Coach f\u00fcr Jazz &amp; Popularmusik t\u00e4tig und unterrichtet zudem Stimmbildung an der Universit\u00e4t Mozarteum Salzburg.\" \/>\n<meta name=\"robots\" content=\"index, follow, max-snippet:-1, max-image-preview:large, max-video-preview:-1\" \/>\n<link rel=\"canonical\" href=\"https:\/\/patriciamoreno.net\/teaching\/\" \/>\n<meta property=\"og:locale\" content=\"de_DE\" \/>\n<meta property=\"og:type\" content=\"article\" \/>\n<meta property=\"og:title\" content=\"Lehrt\u00e4tigkeit - Patricia Moreno\" \/>\n<meta property=\"og:description\" content=\"Patricia Moreno ist als Vocal Coach f\u00fcr Jazz &amp; Popularmusik t\u00e4tig und unterrichtet zudem Stimmbildung an der Universit\u00e4t Mozarteum Salzburg.\" \/>\n<meta property=\"og:url\" content=\"https:\/\/patriciamoreno.net\/teaching\/\" \/>\n<meta property=\"og:site_name\" content=\"Patricia Moreno\" \/>\n<meta property=\"article:publisher\" content=\"https:\/\/www.facebook.com\/patriciamorenomusic\/\" \/>\n<meta property=\"article:modified_time\" content=\"2026-02-11T02:19:21+00:00\" \/>\n<meta property=\"og:image\" content=\"https:\/\/patriciamoreno.net\/wp-content\/uploads\/2020\/06\/MG_8013-1024x718.jpeg\" \/>\n<meta name=\"twitter:card\" content=\"summary_large_image\" \/>\n<meta name=\"twitter:site\" content=\"@p_morenovocals\" \/>\n<meta name=\"twitter:label1\" content=\"Gesch\u00e4tzte Lesezeit\" \/>\n\t<meta name=\"twitter:data1\" content=\"3\u00a0Minuten\" \/>\n<script type=\"application\/ld+json\" class=\"yoast-schema-graph\">{\"@context\":\"https:\\\/\\\/schema.org\",\"@graph\":[{\"@type\":\"WebPage\",\"@id\":\"https:\\\/\\\/patriciamoreno.net\\\/teaching\\\/\",\"url\":\"https:\\\/\\\/patriciamoreno.net\\\/teaching\\\/\",\"name\":\"Lehrt\u00e4tigkeit - Patricia Moreno - Vocal Coach f\u00fcr Jazz & Popularmusik\",\"isPartOf\":{\"@id\":\"https:\\\/\\\/patriciamoreno.net\\\/#website\"},\"primaryImageOfPage\":{\"@id\":\"https:\\\/\\\/patriciamoreno.net\\\/teaching\\\/#primaryimage\"},\"image\":{\"@id\":\"https:\\\/\\\/patriciamoreno.net\\\/teaching\\\/#primaryimage\"},\"thumbnailUrl\":\"https:\\\/\\\/i0.wp.com\\\/patriciamoreno.net\\\/wp-content\\\/uploads\\\/2017\\\/08\\\/20170819_083623.jpg?fit=1000%2C667&ssl=1\",\"datePublished\":\"2017-08-12T22:13:52+00:00\",\"dateModified\":\"2026-02-11T02:19:21+00:00\",\"description\":\"Patricia Moreno ist als Vocal Coach f\u00fcr Jazz & Popularmusik t\u00e4tig und unterrichtet zudem Stimmbildung an der Universit\u00e4t Mozarteum Salzburg.\",\"breadcrumb\":{\"@id\":\"https:\\\/\\\/patriciamoreno.net\\\/teaching\\\/#breadcrumb\"},\"inLanguage\":\"de\",\"potentialAction\":[{\"@type\":\"ReadAction\",\"target\":[\"https:\\\/\\\/patriciamoreno.net\\\/teaching\\\/\"]}]},{\"@type\":\"ImageObject\",\"inLanguage\":\"de\",\"@id\":\"https:\\\/\\\/patriciamoreno.net\\\/teaching\\\/#primaryimage\",\"url\":\"https:\\\/\\\/i0.wp.com\\\/patriciamoreno.net\\\/wp-content\\\/uploads\\\/2017\\\/08\\\/20170819_083623.jpg?fit=1000%2C667&ssl=1\",\"contentUrl\":\"https:\\\/\\\/i0.wp.com\\\/patriciamoreno.net\\\/wp-content\\\/uploads\\\/2017\\\/08\\\/20170819_083623.jpg?fit=1000%2C667&ssl=1\",\"width\":1000,\"height\":667,\"caption\":\"\u00a9 Maria Frodl\"},{\"@type\":\"BreadcrumbList\",\"@id\":\"https:\\\/\\\/patriciamoreno.net\\\/teaching\\\/#breadcrumb\",\"itemListElement\":[{\"@type\":\"ListItem\",\"position\":1,\"name\":\"Home\",\"item\":\"https:\\\/\\\/patriciamoreno.net\\\/\"},{\"@type\":\"ListItem\",\"position\":2,\"name\":\"Teaching\"}]},{\"@type\":\"WebSite\",\"@id\":\"https:\\\/\\\/patriciamoreno.net\\\/#website\",\"url\":\"https:\\\/\\\/patriciamoreno.net\\\/\",\"name\":\"Patricia Moreno\",\"description\":\"Singer &amp; Voice Teacher\",\"publisher\":{\"@id\":\"https:\\\/\\\/patriciamoreno.net\\\/#\\\/schema\\\/person\\\/39ad1f4fada58ffb9d66f5df1cf66d2b\"},\"potentialAction\":[{\"@type\":\"SearchAction\",\"target\":{\"@type\":\"EntryPoint\",\"urlTemplate\":\"https:\\\/\\\/patriciamoreno.net\\\/?s={search_term_string}\"},\"query-input\":{\"@type\":\"PropertyValueSpecification\",\"valueRequired\":true,\"valueName\":\"search_term_string\"}}],\"inLanguage\":\"de\"},{\"@type\":[\"Person\",\"Organization\"],\"@id\":\"https:\\\/\\\/patriciamoreno.net\\\/#\\\/schema\\\/person\\\/39ad1f4fada58ffb9d66f5df1cf66d2b\",\"name\":\"Patricia\",\"image\":{\"@type\":\"ImageObject\",\"inLanguage\":\"de\",\"@id\":\"https:\\\/\\\/secure.gravatar.com\\\/avatar\\\/5816fbe4b5628dbba773d471994b712e004f5ebda667d4068de0968a9ddd1043?s=96&d=identicon&r=g\",\"url\":\"https:\\\/\\\/secure.gravatar.com\\\/avatar\\\/5816fbe4b5628dbba773d471994b712e004f5ebda667d4068de0968a9ddd1043?s=96&d=identicon&r=g\",\"contentUrl\":\"https:\\\/\\\/secure.gravatar.com\\\/avatar\\\/5816fbe4b5628dbba773d471994b712e004f5ebda667d4068de0968a9ddd1043?s=96&d=identicon&r=g\",\"caption\":\"Patricia\"},\"logo\":{\"@id\":\"https:\\\/\\\/secure.gravatar.com\\\/avatar\\\/5816fbe4b5628dbba773d471994b712e004f5ebda667d4068de0968a9ddd1043?s=96&d=identicon&r=g\"},\"sameAs\":[\"http:\\\/\\\/patriciamoreno.net\",\"https:\\\/\\\/www.facebook.com\\\/patriciamorenomusic\\\/\",\"https:\\\/\\\/www.instagram.com\\\/patriciamorenomusic\\\/\",\"https:\\\/\\\/www.youtube.com\\\/channel\\\/UCD2Oxsi9QqyNvbTiX-DDLcA\"]}]}<\/script>\n<!-- \/ Yoast SEO plugin. -->","yoast_head_json":{"title":"Lehrt\u00e4tigkeit - Patricia Moreno - Vocal Coach f\u00fcr Jazz & Popularmusik","description":"Patricia Moreno ist als Vocal Coach f\u00fcr Jazz & Popularmusik t\u00e4tig und unterrichtet zudem Stimmbildung an der Universit\u00e4t Mozarteum Salzburg.","robots":{"index":"index","follow":"follow","max-snippet":"max-snippet:-1","max-image-preview":"max-image-preview:large","max-video-preview":"max-video-preview:-1"},"canonical":"https:\/\/patriciamoreno.net\/teaching\/","og_locale":"de_DE","og_type":"article","og_title":"Lehrt\u00e4tigkeit - Patricia Moreno","og_description":"Patricia Moreno ist als Vocal Coach f\u00fcr Jazz & Popularmusik t\u00e4tig und unterrichtet zudem Stimmbildung an der Universit\u00e4t Mozarteum Salzburg.","og_url":"https:\/\/patriciamoreno.net\/teaching\/","og_site_name":"Patricia Moreno","article_publisher":"https:\/\/www.facebook.com\/patriciamorenomusic\/","article_modified_time":"2026-02-11T02:19:21+00:00","og_image":[{"url":"https:\/\/patriciamoreno.net\/wp-content\/uploads\/2020\/06\/MG_8013-1024x718.jpeg","type":"","width":"","height":""}],"twitter_card":"summary_large_image","twitter_site":"@p_morenovocals","twitter_misc":{"Gesch\u00e4tzte Lesezeit":"3\u00a0Minuten"},"schema":{"@context":"https:\/\/schema.org","@graph":[{"@type":"WebPage","@id":"https:\/\/patriciamoreno.net\/teaching\/","url":"https:\/\/patriciamoreno.net\/teaching\/","name":"Lehrt\u00e4tigkeit - Patricia Moreno - Vocal Coach f\u00fcr Jazz & Popularmusik","isPartOf":{"@id":"https:\/\/patriciamoreno.net\/#website"},"primaryImageOfPage":{"@id":"https:\/\/patriciamoreno.net\/teaching\/#primaryimage"},"image":{"@id":"https:\/\/patriciamoreno.net\/teaching\/#primaryimage"},"thumbnailUrl":"https:\/\/i0.wp.com\/patriciamoreno.net\/wp-content\/uploads\/2017\/08\/20170819_083623.jpg?fit=1000%2C667&ssl=1","datePublished":"2017-08-12T22:13:52+00:00","dateModified":"2026-02-11T02:19:21+00:00","description":"Patricia Moreno ist als Vocal Coach f\u00fcr Jazz & Popularmusik t\u00e4tig und unterrichtet zudem Stimmbildung an der Universit\u00e4t Mozarteum Salzburg.","breadcrumb":{"@id":"https:\/\/patriciamoreno.net\/teaching\/#breadcrumb"},"inLanguage":"de","potentialAction":[{"@type":"ReadAction","target":["https:\/\/patriciamoreno.net\/teaching\/"]}]},{"@type":"ImageObject","inLanguage":"de","@id":"https:\/\/patriciamoreno.net\/teaching\/#primaryimage","url":"https:\/\/i0.wp.com\/patriciamoreno.net\/wp-content\/uploads\/2017\/08\/20170819_083623.jpg?fit=1000%2C667&ssl=1","contentUrl":"https:\/\/i0.wp.com\/patriciamoreno.net\/wp-content\/uploads\/2017\/08\/20170819_083623.jpg?fit=1000%2C667&ssl=1","width":1000,"height":667,"caption":"\u00a9 Maria Frodl"},{"@type":"BreadcrumbList","@id":"https:\/\/patriciamoreno.net\/teaching\/#breadcrumb","itemListElement":[{"@type":"ListItem","position":1,"name":"Home","item":"https:\/\/patriciamoreno.net\/"},{"@type":"ListItem","position":2,"name":"Teaching"}]},{"@type":"WebSite","@id":"https:\/\/patriciamoreno.net\/#website","url":"https:\/\/patriciamoreno.net\/","name":"Patricia Moreno","description":"Singer &amp; Voice Teacher","publisher":{"@id":"https:\/\/patriciamoreno.net\/#\/schema\/person\/39ad1f4fada58ffb9d66f5df1cf66d2b"},"potentialAction":[{"@type":"SearchAction","target":{"@type":"EntryPoint","urlTemplate":"https:\/\/patriciamoreno.net\/?s={search_term_string}"},"query-input":{"@type":"PropertyValueSpecification","valueRequired":true,"valueName":"search_term_string"}}],"inLanguage":"de"},{"@type":["Person","Organization"],"@id":"https:\/\/patriciamoreno.net\/#\/schema\/person\/39ad1f4fada58ffb9d66f5df1cf66d2b","name":"Patricia","image":{"@type":"ImageObject","inLanguage":"de","@id":"https:\/\/secure.gravatar.com\/avatar\/5816fbe4b5628dbba773d471994b712e004f5ebda667d4068de0968a9ddd1043?s=96&d=identicon&r=g","url":"https:\/\/secure.gravatar.com\/avatar\/5816fbe4b5628dbba773d471994b712e004f5ebda667d4068de0968a9ddd1043?s=96&d=identicon&r=g","contentUrl":"https:\/\/secure.gravatar.com\/avatar\/5816fbe4b5628dbba773d471994b712e004f5ebda667d4068de0968a9ddd1043?s=96&d=identicon&r=g","caption":"Patricia"},"logo":{"@id":"https:\/\/secure.gravatar.com\/avatar\/5816fbe4b5628dbba773d471994b712e004f5ebda667d4068de0968a9ddd1043?s=96&d=identicon&r=g"},"sameAs":["http:\/\/patriciamoreno.net","https:\/\/www.facebook.com\/patriciamorenomusic\/","https:\/\/www.instagram.com\/patriciamorenomusic\/","https:\/\/www.youtube.com\/channel\/UCD2Oxsi9QqyNvbTiX-DDLcA"]}]}},"jetpack_sharing_enabled":false,"jetpack_shortlink":"https:\/\/wp.me\/P92pXE-fl","jetpack_likes_enabled":false,"_links":{"self":[{"href":"https:\/\/patriciamoreno.net\/de\/wp-json\/wp\/v2\/pages\/951","targetHints":{"allow":["GET"]}}],"collection":[{"href":"https:\/\/patriciamoreno.net\/de\/wp-json\/wp\/v2\/pages"}],"about":[{"href":"https:\/\/patriciamoreno.net\/de\/wp-json\/wp\/v2\/types\/page"}],"author":[{"embeddable":true,"href":"https:\/\/patriciamoreno.net\/de\/wp-json\/wp\/v2\/users\/1"}],"replies":[{"embeddable":true,"href":"https:\/\/patriciamoreno.net\/de\/wp-json\/wp\/v2\/comments?post=951"}],"version-history":[{"count":61,"href":"https:\/\/patriciamoreno.net\/de\/wp-json\/wp\/v2\/pages\/951\/revisions"}],"predecessor-version":[{"id":8615,"href":"https:\/\/patriciamoreno.net\/de\/wp-json\/wp\/v2\/pages\/951\/revisions\/8615"}],"wp:featuredmedia":[{"embeddable":true,"href":"https:\/\/patriciamoreno.net\/de\/wp-json\/wp\/v2\/media\/1230"}],"wp:attachment":[{"href":"https:\/\/patriciamoreno.net\/de\/wp-json\/wp\/v2\/media?parent=951"}],"curies":[{"name":"wp","href":"https:\/\/api.w.org\/{rel}","templated":true}]}}