{"id":712,"date":"2017-08-09T23:00:09","date_gmt":"2017-08-09T21:00:09","guid":{"rendered":"https:\/\/patriciamoreno.net\/?page_id=712"},"modified":"2024-03-12T03:04:20","modified_gmt":"2024-03-12T01:04:20","slug":"pure","status":"publish","type":"page","link":"https:\/\/patriciamoreno.net\/de\/music\/pure\/","title":{"rendered":"Pure (2016)"},"content":{"rendered":"<p><em>PURE\u00a0<\/em><\/p>\n<p class=\"p1\"><span class=\"s1\">Die Zusammenarbeit von Patricia Moreno und\u00a0<a href=\"http:\/\/paulurbanek.at\/\"><span class=\"s2\">Paul Urbanek<\/span><\/a>\u00a0 begann 2015 , als beide auf der Suche nach der Einfachheit im Musizieren waren. Ihre beider Art zu musizieren basiert auf hoher Interaktion und<span class=\"Apple-converted-space\">\u00a0 <\/span>Improvisation, wobei sie sowohl jazzige Instrumentalkompositionen interpretieren als auch lateinamerikanische Balladen. Virtuosit\u00e4t und Liedinterpretation vereinen sich auf nat\u00fcrliche Weise in ihrer Musik.<\/span><\/p>\n<p>&#8222;Unser Ziel ist es, die Zuh\u00f6rer auf eine emotionale Reise mitzunehmen, Geschichten zu erz\u00e4hlen, die jeder im Publikum auf seine Art empfinden kann. Musikalische Schwierigkeiten oder gar Virtuosit\u00e4t sind dabei, wenn n\u00f6tig, mittel zum Zweck, aber sollen nicht das sein, was unser Publikum in erster Linie an uns sch\u00e4tzt.&#8220; (Paul Urbanek)<\/p>\n<p>Skylark \/ Universal Music 2016<\/p>\n<div class=\"wp-playlist wp-audio-playlist wp-playlist-light\">\n\t\t\t<div class=\"wp-playlist-current-item\"><\/div>\n\t\t<audio controls=\"controls\" preload=\"none\" width=\"698\"\n\t\t\t><\/audio>\n\t<div class=\"wp-playlist-next\"><\/div>\n\t<div class=\"wp-playlist-prev\"><\/div>\n\t<noscript>\n\t<ol>\n\t\t<li><a href='https:\/\/patriciamoreno.net\/wp-content\/uploads\/2017\/08\/12-Samba-Curto-1.m4a'>Samba Curto<\/a><\/li><li><a href='https:\/\/patriciamoreno.net\/wp-content\/uploads\/2017\/08\/13-Come-Sunday.m4a'>Come Sunday<\/a><\/li>\t<\/ol>\n\t<\/noscript>\n\t<script type=\"application\/json\" class=\"wp-playlist-script\">{\"type\":\"audio\",\"tracklist\":true,\"tracknumbers\":true,\"images\":true,\"artists\":true,\"tracks\":[{\"src\":\"https:\/\/patriciamoreno.net\/wp-content\/uploads\/2017\/08\/12-Samba-Curto-1.m4a\",\"type\":\"audio\/mpeg\",\"title\":\"Samba Curto\",\"caption\":\"\",\"description\":\"\\\"Samba Curto\\\".\",\"meta\":{\"length_formatted\":\"2:31\"},\"image\":{\"src\":\"https:\/\/patriciamoreno.net\/wp-includes\/images\/media\/audio.svg\",\"width\":48,\"height\":64},\"thumb\":{\"src\":\"https:\/\/patriciamoreno.net\/wp-includes\/images\/media\/audio.svg\",\"width\":48,\"height\":64}},{\"src\":\"https:\/\/patriciamoreno.net\/wp-content\/uploads\/2017\/08\/13-Come-Sunday.m4a\",\"type\":\"audio\/mpeg\",\"title\":\"Come Sunday\",\"caption\":\"\",\"description\":\"\\\"Come Sunday\\\".\",\"meta\":{\"length_formatted\":\"6:21\"},\"image\":{\"src\":\"https:\/\/patriciamoreno.net\/wp-includes\/images\/media\/audio.svg\",\"width\":48,\"height\":64},\"thumb\":{\"src\":\"https:\/\/patriciamoreno.net\/wp-includes\/images\/media\/audio.svg\",\"width\":48,\"height\":64}}]}<\/script>\n<\/div>\n\t\n<p><a class=\"button\" href=\"https:\/\/itunes.apple.com\/us\/album\/pure\/id1155098204\" target=\"_blank\" rel=\"noopener noreferrer\">iTunes<\/a><\/p>\n<p><a class=\"button\" href=\"https:\/\/www.amazon.de\/Pure-Patricia-Moreno\/dp\/B01BLZW6G8\">amazon<\/a><\/p>\n<p><a class=\"button\" href=\"https:\/\/play.spotify.com\/album\/2ncaelEYeMNYFWyOhvqZxk?play=true&amp;utm_source=open.spotify.com&amp;utm_medium=open\" target=\"_blank\" rel=\"noopener noreferrer\">spotify<\/a><\/p>\n<h6><\/h6>\n<h6>Line-up:<\/h6>\n<p>Patricia Moreno,Gesang<\/p>\n<p>Paul Urbanek,Klavier<\/p>\n<p>Special Guest: Wolfgang Puschnig, Sax &amp; Fl\u00f6te<\/p>\n","protected":false},"excerpt":{"rendered":"<p>PURE\u00a0 Die Zusammenarbeit von Patricia Moreno und\u00a0Paul Urbanek\u00a0 begann 2015 , als beide auf der Suche nach der Einfachheit im Musizieren waren. Ihre beider Art zu musizieren basiert auf hoher Interaktion und\u00a0 Improvisation, wobei sie sowohl jazzige Instrumentalkompositionen interpretieren als auch lateinamerikanische Balladen. Virtuosit\u00e4t und Liedinterpretation vereinen sich auf nat\u00fcrliche Weise in ihrer Musik. &#8222;Unser [&hellip;]<\/p>\n","protected":false},"author":1,"featured_media":684,"parent":710,"menu_order":3,"comment_status":"closed","ping_status":"closed","template":"templates\/wpcom-archive-record.php","meta":{"_coblocks_attr":"","_coblocks_dimensions":"","_coblocks_responsive_height":"","_coblocks_accordion_ie_support":"","_crdt_document":"","jetpack_post_was_ever_published":false,"footnotes":""},"class_list":["post-712","page","type-page","status-publish","has-post-thumbnail","hentry"],"translation":{"provider":"WPGlobus","version":"3.0.2","language":"de","enabled_languages":["en","de","es"],"languages":{"en":{"title":true,"content":true,"excerpt":false},"de":{"title":true,"content":true,"excerpt":false},"es":{"title":true,"content":true,"excerpt":false}}},"yoast_head":"<!-- This site is optimized with the Yoast SEO plugin v27.3 - https:\/\/yoast.com\/product\/yoast-seo-wordpress\/ -->\n<title>Patricia Moreno - Pure (2016) Duo album available online and in stores!<\/title>\n<meta name=\"description\" content=\"&quot;Pure&quot; ist der Name des Duoalbums, das Patricia Moreno (voc) und Paul Urbanek (p) 2016 am Label &quot;Skylark Production&quot; aufgenommen haben.\" \/>\n<meta name=\"robots\" content=\"index, follow, max-snippet:-1, max-image-preview:large, max-video-preview:-1\" \/>\n<link rel=\"canonical\" href=\"https:\/\/patriciamoreno.net\/music\/pure\/\" \/>\n<meta property=\"og:locale\" content=\"de_DE\" \/>\n<meta property=\"og:type\" content=\"article\" \/>\n<meta property=\"og:title\" content=\"Pure (2016) - Patricia Moreno\" \/>\n<meta property=\"og:description\" content=\"&quot;Pure&quot; ist der Name des Duoalbums, das Patricia Moreno (voc) und Paul Urbanek (p) 2016 am Label &quot;Skylark Production&quot; aufgenommen haben.\" \/>\n<meta property=\"og:url\" content=\"https:\/\/patriciamoreno.net\/music\/pure\/\" \/>\n<meta property=\"og:site_name\" content=\"Patricia Moreno\" \/>\n<meta property=\"article:publisher\" content=\"https:\/\/www.facebook.com\/patriciamorenomusic\/\" \/>\n<meta property=\"article:modified_time\" content=\"2024-03-12T01:04:20+00:00\" \/>\n<meta property=\"og:image\" content=\"https:\/\/patriciamoreno.net\/wp-content\/uploads\/2017\/08\/Pure-cover.jpg\" \/>\n\t<meta property=\"og:image:width\" content=\"686\" \/>\n\t<meta property=\"og:image:height\" content=\"615\" \/>\n\t<meta property=\"og:image:type\" content=\"image\/jpeg\" \/>\n<meta name=\"twitter:card\" content=\"summary_large_image\" \/>\n<meta name=\"twitter:site\" content=\"@p_morenovocals\" \/>\n<meta name=\"twitter:label1\" content=\"Gesch\u00e4tzte Lesezeit\" \/>\n\t<meta name=\"twitter:data1\" content=\"1\u00a0Minute\" \/>\n<script type=\"application\/ld+json\" class=\"yoast-schema-graph\">{\"@context\":\"https:\\\/\\\/schema.org\",\"@graph\":[{\"@type\":\"WebPage\",\"@id\":\"https:\\\/\\\/patriciamoreno.net\\\/music\\\/pure\\\/\",\"url\":\"https:\\\/\\\/patriciamoreno.net\\\/music\\\/pure\\\/\",\"name\":\"Patricia Moreno - Pure (2016) Duo album available online and in stores!\",\"isPartOf\":{\"@id\":\"https:\\\/\\\/patriciamoreno.net\\\/#website\"},\"primaryImageOfPage\":{\"@id\":\"https:\\\/\\\/patriciamoreno.net\\\/music\\\/pure\\\/#primaryimage\"},\"image\":{\"@id\":\"https:\\\/\\\/patriciamoreno.net\\\/music\\\/pure\\\/#primaryimage\"},\"thumbnailUrl\":\"https:\\\/\\\/i0.wp.com\\\/patriciamoreno.net\\\/wp-content\\\/uploads\\\/2017\\\/08\\\/Pure-cover.jpg?fit=686%2C615&ssl=1\",\"datePublished\":\"2017-08-09T21:00:09+00:00\",\"dateModified\":\"2024-03-12T01:04:20+00:00\",\"description\":\"\\\"Pure\\\" is the name of the duo album Patricia Moreno recorded together with pianist Paul Urbanek in 2016, featuring songs from the Jazz and Latin repertoire.\",\"breadcrumb\":{\"@id\":\"https:\\\/\\\/patriciamoreno.net\\\/music\\\/pure\\\/#breadcrumb\"},\"inLanguage\":\"de\",\"potentialAction\":[{\"@type\":\"ReadAction\",\"target\":[\"https:\\\/\\\/patriciamoreno.net\\\/music\\\/pure\\\/\"]}]},{\"@type\":\"ImageObject\",\"inLanguage\":\"de\",\"@id\":\"https:\\\/\\\/patriciamoreno.net\\\/music\\\/pure\\\/#primaryimage\",\"url\":\"https:\\\/\\\/i0.wp.com\\\/patriciamoreno.net\\\/wp-content\\\/uploads\\\/2017\\\/08\\\/Pure-cover.jpg?fit=686%2C615&ssl=1\",\"contentUrl\":\"https:\\\/\\\/i0.wp.com\\\/patriciamoreno.net\\\/wp-content\\\/uploads\\\/2017\\\/08\\\/Pure-cover.jpg?fit=686%2C615&ssl=1\",\"width\":686,\"height\":615,\"caption\":\"Patricia Moreno & Paul Ubanek - Pure\"},{\"@type\":\"BreadcrumbList\",\"@id\":\"https:\\\/\\\/patriciamoreno.net\\\/music\\\/pure\\\/#breadcrumb\",\"itemListElement\":[{\"@type\":\"ListItem\",\"position\":1,\"name\":\"Home\",\"item\":\"https:\\\/\\\/patriciamoreno.net\\\/\"},{\"@type\":\"ListItem\",\"position\":2,\"name\":\"Music\",\"item\":\"https:\\\/\\\/patriciamoreno.net\\\/music\\\/\"},{\"@type\":\"ListItem\",\"position\":3,\"name\":\"Pure (2016)\"}]},{\"@type\":\"WebSite\",\"@id\":\"https:\\\/\\\/patriciamoreno.net\\\/#website\",\"url\":\"https:\\\/\\\/patriciamoreno.net\\\/\",\"name\":\"Patricia Moreno\",\"description\":\"Singer &amp; Voice Teacher\",\"publisher\":{\"@id\":\"https:\\\/\\\/patriciamoreno.net\\\/#\\\/schema\\\/person\\\/39ad1f4fada58ffb9d66f5df1cf66d2b\"},\"potentialAction\":[{\"@type\":\"SearchAction\",\"target\":{\"@type\":\"EntryPoint\",\"urlTemplate\":\"https:\\\/\\\/patriciamoreno.net\\\/?s={search_term_string}\"},\"query-input\":{\"@type\":\"PropertyValueSpecification\",\"valueRequired\":true,\"valueName\":\"search_term_string\"}}],\"inLanguage\":\"de\"},{\"@type\":[\"Person\",\"Organization\"],\"@id\":\"https:\\\/\\\/patriciamoreno.net\\\/#\\\/schema\\\/person\\\/39ad1f4fada58ffb9d66f5df1cf66d2b\",\"name\":\"Patricia\",\"image\":{\"@type\":\"ImageObject\",\"inLanguage\":\"de\",\"@id\":\"https:\\\/\\\/secure.gravatar.com\\\/avatar\\\/5816fbe4b5628dbba773d471994b712e004f5ebda667d4068de0968a9ddd1043?s=96&d=identicon&r=g\",\"url\":\"https:\\\/\\\/secure.gravatar.com\\\/avatar\\\/5816fbe4b5628dbba773d471994b712e004f5ebda667d4068de0968a9ddd1043?s=96&d=identicon&r=g\",\"contentUrl\":\"https:\\\/\\\/secure.gravatar.com\\\/avatar\\\/5816fbe4b5628dbba773d471994b712e004f5ebda667d4068de0968a9ddd1043?s=96&d=identicon&r=g\",\"caption\":\"Patricia\"},\"logo\":{\"@id\":\"https:\\\/\\\/secure.gravatar.com\\\/avatar\\\/5816fbe4b5628dbba773d471994b712e004f5ebda667d4068de0968a9ddd1043?s=96&d=identicon&r=g\"},\"sameAs\":[\"http:\\\/\\\/patriciamoreno.net\",\"https:\\\/\\\/www.facebook.com\\\/patriciamorenomusic\\\/\",\"https:\\\/\\\/www.instagram.com\\\/patriciamorenomusic\\\/\",\"https:\\\/\\\/www.youtube.com\\\/channel\\\/UCD2Oxsi9QqyNvbTiX-DDLcA\"]}]}<\/script>\n<!-- \/ Yoast SEO plugin. -->","yoast_head_json":{"title":"Patricia Moreno - Pure (2016) Duo album available online and in stores!","description":"\"Pure\" ist der Name des Duoalbums, das Patricia Moreno (voc) und Paul Urbanek (p) 2016 am Label \"Skylark Production\" aufgenommen haben.","robots":{"index":"index","follow":"follow","max-snippet":"max-snippet:-1","max-image-preview":"max-image-preview:large","max-video-preview":"max-video-preview:-1"},"canonical":"https:\/\/patriciamoreno.net\/music\/pure\/","og_locale":"de_DE","og_type":"article","og_title":"Pure (2016) - Patricia Moreno","og_description":"\"Pure\" ist der Name des Duoalbums, das Patricia Moreno (voc) und Paul Urbanek (p) 2016 am Label \"Skylark Production\" aufgenommen haben.","og_url":"https:\/\/patriciamoreno.net\/music\/pure\/","og_site_name":"Patricia Moreno","article_publisher":"https:\/\/www.facebook.com\/patriciamorenomusic\/","article_modified_time":"2024-03-12T01:04:20+00:00","og_image":[{"width":686,"height":615,"url":"https:\/\/patriciamoreno.net\/wp-content\/uploads\/2017\/08\/Pure-cover.jpg","type":"image\/jpeg"}],"twitter_card":"summary_large_image","twitter_site":"@p_morenovocals","twitter_misc":{"Gesch\u00e4tzte Lesezeit":"1\u00a0Minute"},"schema":{"@context":"https:\/\/schema.org","@graph":[{"@type":"WebPage","@id":"https:\/\/patriciamoreno.net\/music\/pure\/","url":"https:\/\/patriciamoreno.net\/music\/pure\/","name":"Patricia Moreno - Pure (2016) Duo album available online and in stores!","isPartOf":{"@id":"https:\/\/patriciamoreno.net\/#website"},"primaryImageOfPage":{"@id":"https:\/\/patriciamoreno.net\/music\/pure\/#primaryimage"},"image":{"@id":"https:\/\/patriciamoreno.net\/music\/pure\/#primaryimage"},"thumbnailUrl":"https:\/\/i0.wp.com\/patriciamoreno.net\/wp-content\/uploads\/2017\/08\/Pure-cover.jpg?fit=686%2C615&ssl=1","datePublished":"2017-08-09T21:00:09+00:00","dateModified":"2024-03-12T01:04:20+00:00","description":"\"Pure\" is the name of the duo album Patricia Moreno recorded together with pianist Paul Urbanek in 2016, featuring songs from the Jazz and Latin repertoire.","breadcrumb":{"@id":"https:\/\/patriciamoreno.net\/music\/pure\/#breadcrumb"},"inLanguage":"de","potentialAction":[{"@type":"ReadAction","target":["https:\/\/patriciamoreno.net\/music\/pure\/"]}]},{"@type":"ImageObject","inLanguage":"de","@id":"https:\/\/patriciamoreno.net\/music\/pure\/#primaryimage","url":"https:\/\/i0.wp.com\/patriciamoreno.net\/wp-content\/uploads\/2017\/08\/Pure-cover.jpg?fit=686%2C615&ssl=1","contentUrl":"https:\/\/i0.wp.com\/patriciamoreno.net\/wp-content\/uploads\/2017\/08\/Pure-cover.jpg?fit=686%2C615&ssl=1","width":686,"height":615,"caption":"Patricia Moreno & Paul Ubanek - Pure"},{"@type":"BreadcrumbList","@id":"https:\/\/patriciamoreno.net\/music\/pure\/#breadcrumb","itemListElement":[{"@type":"ListItem","position":1,"name":"Home","item":"https:\/\/patriciamoreno.net\/"},{"@type":"ListItem","position":2,"name":"Music","item":"https:\/\/patriciamoreno.net\/music\/"},{"@type":"ListItem","position":3,"name":"Pure (2016)"}]},{"@type":"WebSite","@id":"https:\/\/patriciamoreno.net\/#website","url":"https:\/\/patriciamoreno.net\/","name":"Patricia Moreno","description":"Singer &amp; Voice Teacher","publisher":{"@id":"https:\/\/patriciamoreno.net\/#\/schema\/person\/39ad1f4fada58ffb9d66f5df1cf66d2b"},"potentialAction":[{"@type":"SearchAction","target":{"@type":"EntryPoint","urlTemplate":"https:\/\/patriciamoreno.net\/?s={search_term_string}"},"query-input":{"@type":"PropertyValueSpecification","valueRequired":true,"valueName":"search_term_string"}}],"inLanguage":"de"},{"@type":["Person","Organization"],"@id":"https:\/\/patriciamoreno.net\/#\/schema\/person\/39ad1f4fada58ffb9d66f5df1cf66d2b","name":"Patricia","image":{"@type":"ImageObject","inLanguage":"de","@id":"https:\/\/secure.gravatar.com\/avatar\/5816fbe4b5628dbba773d471994b712e004f5ebda667d4068de0968a9ddd1043?s=96&d=identicon&r=g","url":"https:\/\/secure.gravatar.com\/avatar\/5816fbe4b5628dbba773d471994b712e004f5ebda667d4068de0968a9ddd1043?s=96&d=identicon&r=g","contentUrl":"https:\/\/secure.gravatar.com\/avatar\/5816fbe4b5628dbba773d471994b712e004f5ebda667d4068de0968a9ddd1043?s=96&d=identicon&r=g","caption":"Patricia"},"logo":{"@id":"https:\/\/secure.gravatar.com\/avatar\/5816fbe4b5628dbba773d471994b712e004f5ebda667d4068de0968a9ddd1043?s=96&d=identicon&r=g"},"sameAs":["http:\/\/patriciamoreno.net","https:\/\/www.facebook.com\/patriciamorenomusic\/","https:\/\/www.instagram.com\/patriciamorenomusic\/","https:\/\/www.youtube.com\/channel\/UCD2Oxsi9QqyNvbTiX-DDLcA"]}]}},"jetpack_sharing_enabled":false,"jetpack_shortlink":"https:\/\/wp.me\/P92pXE-bu","jetpack_likes_enabled":false,"_links":{"self":[{"href":"https:\/\/patriciamoreno.net\/de\/wp-json\/wp\/v2\/pages\/712","targetHints":{"allow":["GET"]}}],"collection":[{"href":"https:\/\/patriciamoreno.net\/de\/wp-json\/wp\/v2\/pages"}],"about":[{"href":"https:\/\/patriciamoreno.net\/de\/wp-json\/wp\/v2\/types\/page"}],"author":[{"embeddable":true,"href":"https:\/\/patriciamoreno.net\/de\/wp-json\/wp\/v2\/users\/1"}],"replies":[{"embeddable":true,"href":"https:\/\/patriciamoreno.net\/de\/wp-json\/wp\/v2\/comments?post=712"}],"version-history":[{"count":37,"href":"https:\/\/patriciamoreno.net\/de\/wp-json\/wp\/v2\/pages\/712\/revisions"}],"predecessor-version":[{"id":4486,"href":"https:\/\/patriciamoreno.net\/de\/wp-json\/wp\/v2\/pages\/712\/revisions\/4486"}],"up":[{"embeddable":true,"href":"https:\/\/patriciamoreno.net\/de\/wp-json\/wp\/v2\/pages\/710"}],"wp:featuredmedia":[{"embeddable":true,"href":"https:\/\/patriciamoreno.net\/de\/wp-json\/wp\/v2\/media\/684"}],"wp:attachment":[{"href":"https:\/\/patriciamoreno.net\/de\/wp-json\/wp\/v2\/media?parent=712"}],"curies":[{"name":"wp","href":"https:\/\/api.w.org\/{rel}","templated":true}]}}